{"id":1372,"date":"2025-05-19T09:38:53","date_gmt":"2025-05-19T09:38:53","guid":{"rendered":"https:\/\/www.icanian.com\/?page_id=1372"},"modified":"2025-05-27T03:10:26","modified_gmt":"2025-05-27T03:10:26","slug":"sponsorship","status":"publish","type":"page","link":"https:\/\/www.icanian.com\/de\/partnership\/sponsorship\/","title":{"rendered":"Sponsoring"},"content":{"rendered":"<div class=\"fusion-fullwidth fullwidth-box fusion-builder-row-1 fusion-flex-container has-pattern-background has-mask-background nonhundred-percent-fullwidth non-hundred-percent-height-scrolling\" style=\"--awb-border-radius-top-left:0px;--awb-border-radius-top-right:0px;--awb-border-radius-bottom-right:0px;--awb-border-radius-bottom-left:0px;--awb-flex-wrap:wrap;\" ><div class=\"fusion-builder-row fusion-row fusion-flex-align-items-flex-start fusion-flex-content-wrap\" style=\"max-width:1622.4px;margin-left: calc(-4% \/ 2 );margin-right: calc(-4% \/ 2 );\"><div class=\"fusion-layout-column fusion_builder_column fusion-builder-column-0 fusion_builder_column_1_1 1_1 fusion-flex-column\" style=\"--awb-bg-size:cover;--awb-width-large:100%;--awb-margin-top-large:0px;--awb-spacing-right-large:1.92%;--awb-margin-bottom-large:20px;--awb-spacing-left-large:1.92%;--awb-width-medium:100%;--awb-order-medium:0;--awb-spacing-right-medium:1.92%;--awb-spacing-left-medium:1.92%;--awb-width-small:100%;--awb-order-small:0;--awb-spacing-right-small:1.92%;--awb-spacing-left-small:1.92%;\"><div class=\"fusion-column-wrapper fusion-column-has-shadow fusion-flex-justify-content-flex-start fusion-content-layout-column\"><div class=\"fusion-title title fusion-title-1 fusion-sep-none fusion-title-center fusion-title-text fusion-title-size-four\"><h4 class=\"fusion-title-heading title-heading-center\" style=\"margin:0;\"><h3><em>IKANISCH<\/em> Antrag auf Sponsoring f\u00fcr Radfahrer und Teams<\/h3><\/h4><\/div><div class=\"fusion-text fusion-text-1\"><p>Vielen Dank f\u00fcr Ihr Interesse an einer Partnerschaft mit ICANIAN. Das Ausf\u00fcllen dieses Antragsformulars nimmt nur wenige Minuten in Anspruch und hilft uns bei der Pr\u00fcfung Ihres Sponsoringvorschlags. Wir k\u00f6nnen zwar nicht jeden Antrag genehmigen, aber wir garantieren, dass jede Einreichung sorgf\u00e4ltig gepr\u00fcft wird.<\/p>\n<p>Wenn Ihr Antrag in die n\u00e4chste Phase unseres Pr\u00fcfungsverfahrens eintritt oder wenn wir zus\u00e4tzliche Informationen ben\u00f6tigen, werden wir uns innerhalb von 7 Werktagen nach Eingang Ihres Antrags mit Ihnen in Verbindung setzen. Wenn Sie innerhalb dieses Zeitraums nichts von uns h\u00f6ren, k\u00f6nnen wir Ihren Antrag leider nicht bearbeiten.<\/p>\n<p>Mit freundlichen Gr\u00fc\u00dfen,<\/p>\n<p>Das ICANIAN-Team\"<\/p>\n<\/div><div class=\"fusion-text fusion-text-2\">\n<div class=\"wpcf7 no-js\" id=\"wpcf7-f1427-o1\" lang=\"en-US\" dir=\"ltr\" data-wpcf7-id=\"1427\">\n<div class=\"screen-reader-response\"><p role=\"status\" aria-live=\"polite\" aria-atomic=\"true\"><\/p> <ul><\/ul><\/div>\n<form action=\"\/de\/wp-json\/wp\/v2\/pages\/1372#wpcf7-f1427-o1\" method=\"post\" class=\"wpcf7-form init\" aria-label=\"Contact form\" enctype=\"multipart\/form-data\" novalidate=\"novalidate\" data-status=\"init\" data-trp-original-action=\"\/de\/wp-json\/wp\/v2\/pages\/1372#wpcf7-f1427-o1\">\n<fieldset class=\"hidden-fields-container\"><input type=\"hidden\" name=\"_wpcf7\" value=\"1427\" \/><input type=\"hidden\" name=\"_wpcf7_version\" value=\"6.1.5\" \/><input type=\"hidden\" name=\"_wpcf7_locale\" value=\"en_US\" \/><input type=\"hidden\" name=\"_wpcf7_unit_tag\" value=\"wpcf7-f1427-o1\" \/><input type=\"hidden\" name=\"_wpcf7_container_post\" value=\"0\" \/><input type=\"hidden\" name=\"_wpcf7_posted_data_hash\" value=\"\" \/>\n<\/fieldset>\n<style>\n* {\n box-sizing: border-box;\n}\n#Send{width:50%; background:#fc4c02;color:#fff; font-weight: bold; font-size:16px;height: 50px;}\n#name,#Email,#Phone,#email,#Country,#CompanyName,#Subject,#Message{color:#000;}\n\/* Create two equal columns that floats next to each other *\/\n.column {\n float: left;\n width: 50%;\n padding-left: 15px;\n padding-right: 15px;\n height: auto; \/* Should be removed. Only for demonstration *\/\n}\n\n\/* Clear floats after the columns *\/\n.row:after {\n content: \"\";\n display: table;\n clear: both;\n}\n\n\/* Responsive layout - makes the two columns stack on top of each other instead of next to each other *\/\n@media screen and (max-width: 650px) {\n .column {\n width: 100%;\n }\n}\n<\/style>\n<div id=\"contact_us\">\n\t<p><strong>*Welche Art von Sponsoring suchen Sie?<\/strong><br \/>\n<span class=\"wpcf7-form-control-wrap\" data-name=\"radio-516\"><span class=\"wpcf7-form-control wpcf7-radio\"><span class=\"wpcf7-list-item first\"><label><input type=\"radio\" name=\"radio-516\" value=\"Individual\" \/><span class=\"wpcf7-list-item-label\">Einzelne<\/span><\/label><\/span><span class=\"wpcf7-list-item last\"><label><input type=\"radio\" name=\"radio-516\" value=\"Team\" \/><span class=\"wpcf7-list-item-label\">Team<\/span><\/label><\/span><\/span><\/span>\n\t<\/p>\n<\/div>\n<div id=\"contact_us\">\n\t<p><strong>*Informationen zur Kontaktperson f\u00fcr Einzelpersonen\/Teams<\/strong><br \/>\n<span class=\"wpcf7-form-control-wrap\" data-name=\"text-636\"><input size=\"40\" maxlength=\"400\" class=\"wpcf7-form-control wpcf7-text\" aria-invalid=\"false\" placeholder=\"Name der Mannschaft\" value=\"\" type=\"text\" name=\"text-636\" \/><\/span>\n\t<\/p>\n<\/div>\n<div class=\"row\">\n\t<div class=\"column\" >\n\t\t<p><span class=\"wpcf7-form-control-wrap\" data-name=\"firstname\"><input size=\"40\" maxlength=\"400\" class=\"wpcf7-form-control wpcf7-text wpcf7-validates-as-required\" aria-required=\"true\" aria-invalid=\"false\" placeholder=\"*Vorname\" value=\"\" type=\"text\" name=\"firstname\" \/><\/span>\n\t\t<\/p>\n\t<\/div>\n\t<div class=\"column\">\n\t\t<p><span class=\"wpcf7-form-control-wrap\" data-name=\"Last_name\"><input size=\"40\" maxlength=\"400\" class=\"wpcf7-form-control wpcf7-text wpcf7-validates-as-required\" aria-required=\"true\" aria-invalid=\"false\" placeholder=\"*Nachname\" value=\"\" type=\"text\" name=\"Last_name\" \/><\/span>\n\t\t<\/p>\n\t<\/div>\n<\/div>\n<div class=\"row\">\n\t<div class=\"column\">\n\t\t<p><span class=\"wpcf7-form-control-wrap\" data-name=\"Gender\"><select class=\"wpcf7-form-control wpcf7-select\" aria-invalid=\"false\" name=\"Gender\"><option value=\"Male\">M\u00e4nnlich<\/option><option value=\"Female\">Weiblich<\/option><\/select><\/span>\n\t\t<\/p>\n\t<\/div>\n\t<div class=\"column\">\n\t\t<p><span class=\"wpcf7-form-control-wrap\" data-name=\"Age\"><input class=\"wpcf7-form-control wpcf7-number wpcf7-validates-as-required wpcf7-validates-as-number\" min=\"1\" max=\"85\" aria-required=\"true\" aria-invalid=\"false\" placeholder=\"*Alter\" value=\"\" type=\"number\" name=\"Age\" \/><\/span>\n\t\t<\/p>\n\t<\/div>\n<\/div>\n<div class=\"row\">\n\t<div class=\"column\">\n\t\t<p><span class=\"wpcf7-form-control-wrap\" data-name=\"Occupation\"><input size=\"40\" maxlength=\"400\" class=\"wpcf7-form-control wpcf7-text wpcf7-validates-as-required\" autocomplete=\"name\" aria-required=\"true\" aria-invalid=\"false\" placeholder=\"*Beruf\" value=\"\" type=\"text\" name=\"Occupation\" \/><\/span>\n\t\t<\/p>\n\t<\/div>\n\t<div class=\"column\">\n\t\t<p><span class=\"wpcf7-form-control-wrap\" data-name=\"Zip_Code\"><input size=\"40\" maxlength=\"400\" class=\"wpcf7-form-control wpcf7-text wpcf7-validates-as-required\" aria-required=\"true\" aria-invalid=\"false\" placeholder=\"*Postleitzahl\" value=\"\" type=\"text\" name=\"Zip_Code\" \/><\/span>\n\t\t<\/p>\n\t<\/div>\n<\/div>\n<div class=\"row\">\n\t<div class=\"column\">\n\t\t<p><span class=\"wpcf7-form-control-wrap\" data-name=\"Country\"><input size=\"40\" maxlength=\"400\" class=\"wpcf7-form-control wpcf7-text wpcf7-validates-as-required\" autocomplete=\"name\" aria-required=\"true\" aria-invalid=\"false\" placeholder=\"*Land\" value=\"\" type=\"text\" name=\"Country\" \/><\/span>\n\t\t<\/p>\n\t<\/div>\n\t<div class=\"column\">\n\t\t<p><span class=\"wpcf7-form-control-wrap\" data-name=\"City\"><input size=\"40\" maxlength=\"400\" class=\"wpcf7-form-control wpcf7-text wpcf7-validates-as-required\" aria-required=\"true\" aria-invalid=\"false\" placeholder=\"*Stadt\" value=\"\" type=\"text\" name=\"City\" \/><\/span>\n\t\t<\/p>\n\t<\/div>\n<\/div>\n<div class=\"row\">\n\t<div class=\"column\">\n\t\t<p><span class=\"wpcf7-form-control-wrap\" data-name=\"Phone\"><input size=\"40\" maxlength=\"400\" class=\"wpcf7-form-control wpcf7-tel wpcf7-validates-as-required wpcf7-text wpcf7-validates-as-tel\" autocomplete=\"tel\" aria-required=\"true\" aria-invalid=\"false\" placeholder=\"*Telefon\" value=\"\" type=\"tel\" name=\"Phone\" \/><\/span>\n\t\t<\/p>\n\t<\/div>\n\t<div class=\"column\">\n\t\t<p><span class=\"wpcf7-form-control-wrap\" data-name=\"Email\"><input size=\"40\" maxlength=\"400\" class=\"wpcf7-form-control wpcf7-email wpcf7-validates-as-required wpcf7-text wpcf7-validates-as-email\" autocomplete=\"email\" aria-required=\"true\" aria-invalid=\"false\" placeholder=\"*E-Mail\" value=\"\" type=\"email\" name=\"Email\" \/><\/span>\n\t\t<\/p>\n\t<\/div>\n<\/div>\n<div id=\"contact_us\">\n\t<p><strong>*In welcher Disziplin treten Sie an? Sie k\u00f6nnen mehr als eine Option ausw\u00e4hlen.<\/strong><br \/>\n<span class=\"wpcf7-form-control-wrap\" data-name=\"checkbox-283\"><span class=\"wpcf7-form-control wpcf7-checkbox wpcf7-validates-as-required\"><span class=\"wpcf7-list-item first\"><input type=\"checkbox\" name=\"checkbox-283[]\" value=\"MTB\" \/><span class=\"wpcf7-list-item-label\">MTB<\/span><\/span><span class=\"wpcf7-list-item\"><input type=\"checkbox\" name=\"checkbox-283[]\" value=\"Road\" \/><span class=\"wpcf7-list-item-label\">Stra\u00dfe<\/span><\/span><span class=\"wpcf7-list-item\"><input type=\"checkbox\" name=\"checkbox-283[]\" value=\"Gravel\" \/><span class=\"wpcf7-list-item-label\">Schotter<\/span><\/span><span class=\"wpcf7-list-item\"><input type=\"checkbox\" name=\"checkbox-283[]\" value=\"Triathlon\" \/><span class=\"wpcf7-list-item-label\">Triathlon<\/span><\/span><span class=\"wpcf7-list-item\"><input type=\"checkbox\" name=\"checkbox-283[]\" value=\"Track\" \/><span class=\"wpcf7-list-item-label\">Spur<\/span><\/span><span class=\"wpcf7-list-item last\"><input type=\"checkbox\" name=\"checkbox-283[]\" value=\"Other (Please specify)\" \/><span class=\"wpcf7-list-item-label\">Sonstiges (bitte angeben)<\/span><\/span><\/span><\/span>\n\t<\/p>\n<\/div>\n<div id=\"contact_us\">\n\t<p><strong>**Welche ist Ihre erfolgreichste Social-Media-Plattform? (z. B. Instagram, Facebook, Twitter, YouTube, Strava, usw.).<\/strong><br \/>\n<span class=\"wpcf7-form-control-wrap\" data-name=\"text-404\"><input size=\"40\" maxlength=\"400\" class=\"wpcf7-form-control wpcf7-text\" aria-invalid=\"false\" value=\"\" type=\"text\" name=\"text-404\" \/><\/span>\n\t<\/p>\n<\/div>\n<div class=\"row\">\n\t<div class=\"column\">\n\t\t<p><span class=\"wpcf7-form-control-wrap\" data-name=\"Account_link\"><input size=\"40\" maxlength=\"400\" class=\"wpcf7-form-control wpcf7-text\" autocomplete=\"name\" aria-invalid=\"false\" placeholder=\"*Kontoverbindung\" value=\"\" type=\"text\" name=\"Account_link\" \/><\/span>\n\t\t<\/p>\n\t<\/div>\n\t<div class=\"column\">\n\t\t<p><span class=\"wpcf7-form-control-wrap\" data-name=\"Accounts_statistics\"><input size=\"40\" maxlength=\"400\" class=\"wpcf7-form-control wpcf7-text\" aria-invalid=\"false\" placeholder=\"*Kontenstatistik\" value=\"\" type=\"text\" name=\"Accounts_statistics\" \/><\/span>\n\t\t<\/p>\n\t<\/div>\n<\/div>\n<div id=\"contact_us\">\n\t<p><strong>Geben Sie au\u00dferdem Informationen \u00fcber alle anderen Konten an, die Sie verwalten.<\/strong><br \/>\n<span class=\"wpcf7-form-control-wrap\" data-name=\"text-85\"><input size=\"40\" maxlength=\"400\" class=\"wpcf7-form-control wpcf7-text\" aria-invalid=\"false\" value=\"\" type=\"text\" name=\"text-85\" \/><\/span>\n\t<\/p>\n<\/div>\n<div id=\"contact_us\">\n\t<p><strong>*Sind Sie einem Fahrradclub beigetreten? Wie lautet der Name Ihres Vereins?<\/strong><br \/>\n<span class=\"wpcf7-form-control-wrap\" data-name=\"text-557\"><input size=\"40\" maxlength=\"400\" class=\"wpcf7-form-control wpcf7-text wpcf7-validates-as-required\" aria-required=\"true\" aria-invalid=\"false\" value=\"\" type=\"text\" name=\"text-557\" \/><\/span>\n\t<\/p>\n<\/div>\n<div id=\"contact_us\">\n\t<p><strong>*Arbeiten Sie derzeit mit einem oder mehreren anderen Produktpartnern? Wenn ja, mit welchem(n)?<\/strong><br \/>\n<span class=\"wpcf7-form-control-wrap\" data-name=\"checkbox-761\"><span class=\"wpcf7-form-control wpcf7-checkbox wpcf7-validates-as-required\"><span class=\"wpcf7-list-item first\"><input type=\"checkbox\" name=\"checkbox-761[]\" value=\"No\" \/><span class=\"wpcf7-list-item-label\">Nein<\/span><\/span><span class=\"wpcf7-list-item last\"><input type=\"checkbox\" name=\"checkbox-761[]\" value=\"Yes\" \/><span class=\"wpcf7-list-item-label\">Ja<\/span><\/span><\/span><\/span>\n\t<\/p>\n<\/div>\n<div id=\"contact_us\">\n\t<p><strong>*Um Ihren Antrag zu pr\u00fcfen, laden Sie bitte eine Kopie Ihrer Rennergebnisse von 2024 und Ihren Rennplan f\u00fcr 2025 hoch.<\/strong><br \/>\n<span class=\"wpcf7-form-control-wrap\" data-name=\"file-537\"><input size=\"40\" class=\"wpcf7-form-control wpcf7-file wpcf7-validates-as-required\" accept=\"audio\/*,video\/*,image\/*\" aria-required=\"true\" aria-invalid=\"false\" type=\"file\" name=\"file-537\" \/><\/span>\n\t<\/p>\n<\/div>\n<div id=\"contact_us\">\n\t<p><strong>*Bitte machen Sie zus\u00e4tzliche Angaben, die uns helfen, Ihre Bewerbung zu beurteilen.<\/strong><br \/>\n<span class=\"wpcf7-form-control-wrap\" data-name=\"text-117\"><input size=\"40\" maxlength=\"400\" class=\"wpcf7-form-control wpcf7-text\" aria-invalid=\"false\" value=\"\" type=\"text\" name=\"text-117\" \/><\/span>\n\t<\/p>\n<\/div>\n<div align=\"center\">\n\t<p><input class=\"wpcf7-form-control wpcf7-submit has-spinner\" id=\"Send\" type=\"submit\" value=\"Senden Sie\" \/>\n\t<\/p>\n<\/div>\n<p>* Erforderlich\n<\/p><p style=\"display: none !important;\" class=\"akismet-fields-container\" data-prefix=\"_wpcf7_ak_\"><label>\u0394<textarea name=\"_wpcf7_ak_hp_textarea\" cols=\"45\" rows=\"8\" maxlength=\"100\"><\/textarea><\/label><input type=\"hidden\" id=\"ak_js_1\" name=\"_wpcf7_ak_js\" value=\"143\"\/><script>document.getElementById( \"ak_js_1\" ).setAttribute( \"value\", ( new Date() ).getTime() );<\/script><\/p><div class=\"fusion-alert alert custom alert-custom fusion-alert-center wpcf7-response-output awb-alert-native-link-color alert-dismissable awb-alert-close-boxed\" style=\"--awb-border-size:1px;--awb-border-top-left-radius:0px;--awb-border-top-right-radius:0px;--awb-border-bottom-left-radius:0px;--awb-border-bottom-right-radius:0px;\" role=\"alert\"><div class=\"fusion-alert-content-wrapper\"><span class=\"fusion-alert-content\"><\/span><\/div><button type=\"button\" class=\"close toggle-alert\" data-dismiss=\"alert\" aria-label=\"Schlie\u00dfen Sie\">\u00d7<\/button><\/div>\n<input type=\"hidden\" name=\"trp-form-language\" value=\"de\"\/><\/form>\n<\/div>\n\n<\/div><\/div><\/div><\/div><\/div>","protected":false},"excerpt":{"rendered":"","protected":false},"author":1,"featured_media":0,"parent":1324,"menu_order":0,"comment_status":"closed","ping_status":"closed","template":"100-width.php","meta":{"_glsr_average":0,"_glsr_ranking":0,"_glsr_reviews":0,"footnotes":""},"class_list":["post-1372","page","type-page","status-publish","hentry"],"yoast_head":"<!-- This site is optimized with the Yoast SEO plugin v27.4 - https:\/\/yoast.com\/product\/yoast-seo-wordpress\/ -->\n<title>sponsorship - ICANIAN<\/title>\n<meta name=\"robots\" content=\"index, follow, max-snippet:-1, max-image-preview:large, max-video-preview:-1\" \/>\n<link rel=\"canonical\" href=\"https:\/\/www.icanian.com\/de\/partnership\/sponsorship\/\" \/>\n<meta property=\"og:locale\" content=\"de_DE\" \/>\n<meta property=\"og:type\" content=\"article\" \/>\n<meta property=\"og:title\" content=\"sponsorship - ICANIAN\" \/>\n<meta property=\"og:url\" content=\"https:\/\/www.icanian.com\/de\/partnership\/sponsorship\/\" \/>\n<meta property=\"og:site_name\" content=\"ICANIAN\" \/>\n<meta property=\"article:modified_time\" content=\"2025-05-27T03:10:26+00:00\" \/>\n<meta name=\"twitter:card\" content=\"summary_large_image\" \/>\n<script type=\"application\/ld+json\" class=\"yoast-schema-graph\">{\"@context\":\"https:\\\/\\\/schema.org\",\"@graph\":[{\"@type\":\"WebPage\",\"@id\":\"https:\\\/\\\/www.icanian.com\\\/partnership\\\/sponsorship\\\/\",\"url\":\"https:\\\/\\\/www.icanian.com\\\/partnership\\\/sponsorship\\\/\",\"name\":\"sponsorship - ICANIAN\",\"isPartOf\":{\"@id\":\"https:\\\/\\\/www.icanian.com\\\/#website\"},\"datePublished\":\"2025-05-19T09:38:53+00:00\",\"dateModified\":\"2025-05-27T03:10:26+00:00\",\"breadcrumb\":{\"@id\":\"https:\\\/\\\/www.icanian.com\\\/partnership\\\/sponsorship\\\/#breadcrumb\"},\"inLanguage\":\"de\",\"potentialAction\":[{\"@type\":\"ReadAction\",\"target\":[\"https:\\\/\\\/www.icanian.com\\\/partnership\\\/sponsorship\\\/\"]}]},{\"@type\":\"BreadcrumbList\",\"@id\":\"https:\\\/\\\/www.icanian.com\\\/partnership\\\/sponsorship\\\/#breadcrumb\",\"itemListElement\":[{\"@type\":\"ListItem\",\"position\":1,\"name\":\"Home\",\"item\":\"https:\\\/\\\/www.icanian.com\\\/\"},{\"@type\":\"ListItem\",\"position\":2,\"name\":\"Partnership\",\"item\":\"https:\\\/\\\/www.icanian.com\\\/partnership\\\/\"},{\"@type\":\"ListItem\",\"position\":3,\"name\":\"sponsorship\"}]},{\"@type\":\"WebSite\",\"@id\":\"https:\\\/\\\/www.icanian.com\\\/#website\",\"url\":\"https:\\\/\\\/www.icanian.com\\\/\",\"name\":\"ICANIAN\",\"description\":\"\",\"potentialAction\":[{\"@type\":\"SearchAction\",\"target\":{\"@type\":\"EntryPoint\",\"urlTemplate\":\"https:\\\/\\\/www.icanian.com\\\/?s={search_term_string}\"},\"query-input\":{\"@type\":\"PropertyValueSpecification\",\"valueRequired\":true,\"valueName\":\"search_term_string\"}}],\"inLanguage\":\"de\"}]}<\/script>\n<!-- \/ Yoast SEO plugin. -->","yoast_head_json":{"title":"Patenschaft - ICANIAN","robots":{"index":"index","follow":"follow","max-snippet":"max-snippet:-1","max-image-preview":"max-image-preview:large","max-video-preview":"max-video-preview:-1"},"canonical":"https:\/\/www.icanian.com\/de\/partnership\/sponsorship\/","og_locale":"de_DE","og_type":"article","og_title":"sponsorship - ICANIAN","og_url":"https:\/\/www.icanian.com\/de\/partnership\/sponsorship\/","og_site_name":"ICANIAN","article_modified_time":"2025-05-27T03:10:26+00:00","twitter_card":"summary_large_image","schema":{"@context":"https:\/\/schema.org","@graph":[{"@type":"WebPage","@id":"https:\/\/www.icanian.com\/partnership\/sponsorship\/","url":"https:\/\/www.icanian.com\/partnership\/sponsorship\/","name":"Patenschaft - ICANIAN","isPartOf":{"@id":"https:\/\/www.icanian.com\/#website"},"datePublished":"2025-05-19T09:38:53+00:00","dateModified":"2025-05-27T03:10:26+00:00","breadcrumb":{"@id":"https:\/\/www.icanian.com\/partnership\/sponsorship\/#breadcrumb"},"inLanguage":"de","potentialAction":[{"@type":"ReadAction","target":["https:\/\/www.icanian.com\/partnership\/sponsorship\/"]}]},{"@type":"BreadcrumbList","@id":"https:\/\/www.icanian.com\/partnership\/sponsorship\/#breadcrumb","itemListElement":[{"@type":"ListItem","position":1,"name":"Home","item":"https:\/\/www.icanian.com\/"},{"@type":"ListItem","position":2,"name":"Partnership","item":"https:\/\/www.icanian.com\/partnership\/"},{"@type":"ListItem","position":3,"name":"sponsorship"}]},{"@type":"WebSite","@id":"https:\/\/www.icanian.com\/#website","url":"https:\/\/www.icanian.com\/","name":"IKANISCH","description":"","potentialAction":[{"@type":"SearchAction","target":{"@type":"EntryPoint","urlTemplate":"https:\/\/www.icanian.com\/?s={search_term_string}"},"query-input":{"@type":"PropertyValueSpecification","valueRequired":true,"valueName":"search_term_string"}}],"inLanguage":"de"}]}},"_links":{"self":[{"href":"https:\/\/www.icanian.com\/de\/wp-json\/wp\/v2\/pages\/1372","targetHints":{"allow":["GET"]}}],"collection":[{"href":"https:\/\/www.icanian.com\/de\/wp-json\/wp\/v2\/pages"}],"about":[{"href":"https:\/\/www.icanian.com\/de\/wp-json\/wp\/v2\/types\/page"}],"author":[{"embeddable":true,"href":"https:\/\/www.icanian.com\/de\/wp-json\/wp\/v2\/users\/1"}],"replies":[{"embeddable":true,"href":"https:\/\/www.icanian.com\/de\/wp-json\/wp\/v2\/comments?post=1372"}],"version-history":[{"count":0,"href":"https:\/\/www.icanian.com\/de\/wp-json\/wp\/v2\/pages\/1372\/revisions"}],"up":[{"embeddable":true,"href":"https:\/\/www.icanian.com\/de\/wp-json\/wp\/v2\/pages\/1324"}],"wp:attachment":[{"href":"https:\/\/www.icanian.com\/de\/wp-json\/wp\/v2\/media?parent=1372"}],"curies":[{"name":"wp","href":"https:\/\/api.w.org\/{rel}","templated":true}]}}