{"id":175,"date":"2024-09-13T05:48:48","date_gmt":"2024-09-13T05:48:48","guid":{"rendered":"https:\/\/icanian.com\/?page_id=175"},"modified":"2025-09-19T15:03:42","modified_gmt":"2025-09-19T07:03:42","slug":"shipping","status":"publish","type":"page","link":"https:\/\/www.icanian.com\/de\/shipping\/","title":{"rendered":"Versand"},"content":{"rendered":"<p><div class=\"fusion-fullwidth fullwidth-box fusion-builder-row-1 fusion-flex-container has-pattern-background has-mask-background nonhundred-percent-fullwidth non-hundred-percent-height-scrolling\" style=\"--awb-border-radius-top-left:0px;--awb-border-radius-top-right:0px;--awb-border-radius-bottom-right:0px;--awb-border-radius-bottom-left:0px;--awb-flex-wrap:wrap;\" ><div class=\"fusion-builder-row fusion-row fusion-flex-align-items-flex-start fusion-flex-content-wrap\" style=\"max-width:1622.4px;margin-left: calc(-4% \/ 2 );margin-right: calc(-4% \/ 2 );\"><div class=\"fusion-layout-column fusion_builder_column fusion-builder-column-0 fusion_builder_column_1_1 1_1 fusion-flex-column\" style=\"--awb-bg-size:cover;--awb-width-large:100%;--awb-margin-top-large:0px;--awb-spacing-right-large:1.92%;--awb-margin-bottom-large:20px;--awb-spacing-left-large:1.92%;--awb-width-medium:100%;--awb-order-medium:0;--awb-spacing-right-medium:1.92%;--awb-spacing-left-medium:1.92%;--awb-width-small:100%;--awb-order-small:0;--awb-spacing-right-small:1.92%;--awb-spacing-left-small:1.92%;\"><div class=\"fusion-column-wrapper fusion-column-has-shadow fusion-flex-justify-content-flex-start fusion-content-layout-column\"><div class=\"fusion-title title fusion-title-1 fusion-sep-none fusion-title-center fusion-title-text fusion-title-size-four\"><h4 class=\"fusion-title-heading title-heading-center\" style=\"margin:0;\"><\/h4><\/div><div class=\"fusion-title title fusion-title-2 fusion-sep-none fusion-title-center fusion-title-text fusion-title-size-four\"><h4 class=\"fusion-title-heading title-heading-center\" style=\"margin:0;\">Versand &amp; Lieferung<\/h4><\/div><\/div><\/div><\/div><\/div><div class=\"fusion-fullwidth fullwidth-box fusion-builder-row-2 fusion-flex-container has-pattern-background has-mask-background nonhundred-percent-fullwidth non-hundred-percent-height-scrolling\" style=\"--awb-border-radius-top-left:0px;--awb-border-radius-top-right:0px;--awb-border-radius-bottom-right:0px;--awb-border-radius-bottom-left:0px;--awb-flex-wrap:wrap;\" ><div class=\"fusion-builder-row fusion-row fusion-flex-align-items-flex-start fusion-flex-content-wrap\" style=\"max-width:1622.4px;margin-left: calc(-4% \/ 2 );margin-right: calc(-4% \/ 2 );\"><div class=\"fusion-layout-column fusion_builder_column fusion-builder-column-1 fusion_builder_column_1_1 1_1 fusion-flex-column\" style=\"--awb-bg-size:cover;--awb-width-large:100%;--awb-margin-top-large:0px;--awb-spacing-right-large:1.92%;--awb-margin-bottom-large:20px;--awb-spacing-left-large:1.92%;--awb-width-medium:100%;--awb-order-medium:0;--awb-spacing-right-medium:1.92%;--awb-spacing-left-medium:1.92%;--awb-width-small:100%;--awb-order-small:0;--awb-spacing-right-small:1.92%;--awb-spacing-left-small:1.92%;\"><div class=\"fusion-column-wrapper fusion-column-has-shadow fusion-flex-justify-content-flex-start fusion-content-layout-column\"><div class=\"fusion-text fusion-text-1\"><p><strong>Welche Zahlungsm\u00f6glichkeiten gibt es?<\/strong><\/p>\n<p>Wir akzeptieren die folgenden Zahlungsmethoden: Geschenkkarte, VISA, Mastercard \u00fcber Paypal online. auch, wenn Sie WESTERN UNION Service oder Bank Transfer.Just kontaktieren Sie uns.<\/p>\n<p>Wenn Sie irgendwelche Probleme w\u00e4hrend des Zahlungsprozesses haben, z\u00f6gern Sie bitte nicht, dies mitzuteilen.<\/p>\n<p><strong>Steuern<\/strong><\/p>\n<p>Alle ICANIAN Produkte, die wir dem Kunden anbieten, enthalten keine Steuern, au\u00dfer der <a href=\"#\">\u00dcberseelager-Produkte<\/a>.<\/p>\n<p><strong><em>Bevor Sie eine Bestellung aufgeben, \u00fcberpr\u00fcfen Sie bitte, ob die von Ihnen gekaufte Ware in unserem Lager in \u00dcbersee verf\u00fcgbar ist.<\/em><\/strong><\/p>\n<p><strong>Steuern und Versandgeb\u00fchren f\u00fcr alle Produkte sind in lokalen \u00dcberseelagern kostenlos.<\/strong><\/p>\n<p><strong>Weltweiter Versand<\/strong><br \/>\nWir versenden in alle L\u00e4nder per <em><strong>China EMS<\/strong><\/em>. Sobald wir Ihre Bestellung erhalten, werden wir den Rahmen sofort verschicken und beginnen, Ihre R\u00e4der mit den von Ihnen gew\u00e4hlten Optionen von Hand zu bauen. Wir versenden Ihre R\u00e4der durch China EMS und bieten immer eine Tracking-Nummer.<\/p>\n<p>\u00dcber die ICANIAN kleinen Artikel, werden wir per E-Paket oder DHL, die 12-20 Tage dauern wird, zu versenden.<\/p>\n<p><strong>Achtung<\/strong>: Wenn Sie super schnelle Versandzeit wollen, dann ICANIAN bieten DHL Versand-Service, wird es nur 3-5 Arbeitstage dauern, pls kontaktieren Sie uns, um den Versand Preis zu erhalten.<\/p>\n<\/div><\/div><\/div><\/div><\/div><\/p>","protected":false},"excerpt":{"rendered":"","protected":false},"author":1,"featured_media":0,"parent":0,"menu_order":0,"comment_status":"closed","ping_status":"closed","template":"","meta":{"_glsr_average":0,"_glsr_ranking":0,"_glsr_reviews":0,"footnotes":""},"class_list":["post-175","page","type-page","status-publish","hentry"],"yoast_head":"<!-- This site is optimized with the Yoast SEO plugin v27.4 - https:\/\/yoast.com\/product\/yoast-seo-wordpress\/ -->\n<title>Shipping - ICANIAN<\/title>\n<meta name=\"robots\" content=\"index, follow, max-snippet:-1, max-image-preview:large, max-video-preview:-1\" \/>\n<link rel=\"canonical\" href=\"https:\/\/www.icanian.com\/de\/shipping\/\" \/>\n<meta property=\"og:locale\" content=\"de_DE\" \/>\n<meta property=\"og:type\" content=\"article\" \/>\n<meta property=\"og:title\" content=\"Shipping - ICANIAN\" \/>\n<meta property=\"og:url\" content=\"https:\/\/www.icanian.com\/de\/shipping\/\" \/>\n<meta property=\"og:site_name\" content=\"ICANIAN\" \/>\n<meta property=\"article:modified_time\" content=\"2025-09-19T07:03:42+00:00\" \/>\n<meta name=\"twitter:card\" content=\"summary_large_image\" \/>\n<meta name=\"twitter:label1\" content=\"Gesch\u00e4tzte Lesezeit\" \/>\n\t<meta name=\"twitter:data1\" content=\"1\u00a0Minute\" \/>\n<script type=\"application\/ld+json\" class=\"yoast-schema-graph\">{\"@context\":\"https:\\\/\\\/schema.org\",\"@graph\":[{\"@type\":\"WebPage\",\"@id\":\"https:\\\/\\\/www.icanian.com\\\/shipping\\\/\",\"url\":\"https:\\\/\\\/www.icanian.com\\\/shipping\\\/\",\"name\":\"Shipping - ICANIAN\",\"isPartOf\":{\"@id\":\"https:\\\/\\\/www.icanian.com\\\/#website\"},\"datePublished\":\"2024-09-13T05:48:48+00:00\",\"dateModified\":\"2025-09-19T07:03:42+00:00\",\"breadcrumb\":{\"@id\":\"https:\\\/\\\/www.icanian.com\\\/shipping\\\/#breadcrumb\"},\"inLanguage\":\"de\",\"potentialAction\":[{\"@type\":\"ReadAction\",\"target\":[\"https:\\\/\\\/www.icanian.com\\\/shipping\\\/\"]}]},{\"@type\":\"BreadcrumbList\",\"@id\":\"https:\\\/\\\/www.icanian.com\\\/shipping\\\/#breadcrumb\",\"itemListElement\":[{\"@type\":\"ListItem\",\"position\":1,\"name\":\"Home\",\"item\":\"https:\\\/\\\/www.icanian.com\\\/\"},{\"@type\":\"ListItem\",\"position\":2,\"name\":\"Shipping\"}]},{\"@type\":\"WebSite\",\"@id\":\"https:\\\/\\\/www.icanian.com\\\/#website\",\"url\":\"https:\\\/\\\/www.icanian.com\\\/\",\"name\":\"ICANIAN\",\"description\":\"\",\"potentialAction\":[{\"@type\":\"SearchAction\",\"target\":{\"@type\":\"EntryPoint\",\"urlTemplate\":\"https:\\\/\\\/www.icanian.com\\\/?s={search_term_string}\"},\"query-input\":{\"@type\":\"PropertyValueSpecification\",\"valueRequired\":true,\"valueName\":\"search_term_string\"}}],\"inLanguage\":\"de\"}]}<\/script>\n<!-- \/ Yoast SEO plugin. -->","yoast_head_json":{"title":"Schifffahrt - ICANIAN","robots":{"index":"index","follow":"follow","max-snippet":"max-snippet:-1","max-image-preview":"max-image-preview:large","max-video-preview":"max-video-preview:-1"},"canonical":"https:\/\/www.icanian.com\/de\/shipping\/","og_locale":"de_DE","og_type":"article","og_title":"Shipping - ICANIAN","og_url":"https:\/\/www.icanian.com\/de\/shipping\/","og_site_name":"ICANIAN","article_modified_time":"2025-09-19T07:03:42+00:00","twitter_card":"summary_large_image","twitter_misc":{"Gesch\u00e4tzte Lesezeit":"1\u00a0Minute"},"schema":{"@context":"https:\/\/schema.org","@graph":[{"@type":"WebPage","@id":"https:\/\/www.icanian.com\/shipping\/","url":"https:\/\/www.icanian.com\/shipping\/","name":"Schifffahrt - ICANIAN","isPartOf":{"@id":"https:\/\/www.icanian.com\/#website"},"datePublished":"2024-09-13T05:48:48+00:00","dateModified":"2025-09-19T07:03:42+00:00","breadcrumb":{"@id":"https:\/\/www.icanian.com\/shipping\/#breadcrumb"},"inLanguage":"de","potentialAction":[{"@type":"ReadAction","target":["https:\/\/www.icanian.com\/shipping\/"]}]},{"@type":"BreadcrumbList","@id":"https:\/\/www.icanian.com\/shipping\/#breadcrumb","itemListElement":[{"@type":"ListItem","position":1,"name":"Home","item":"https:\/\/www.icanian.com\/"},{"@type":"ListItem","position":2,"name":"Shipping"}]},{"@type":"WebSite","@id":"https:\/\/www.icanian.com\/#website","url":"https:\/\/www.icanian.com\/","name":"IKANISCH","description":"","potentialAction":[{"@type":"SearchAction","target":{"@type":"EntryPoint","urlTemplate":"https:\/\/www.icanian.com\/?s={search_term_string}"},"query-input":{"@type":"PropertyValueSpecification","valueRequired":true,"valueName":"search_term_string"}}],"inLanguage":"de"}]}},"_links":{"self":[{"href":"https:\/\/www.icanian.com\/de\/wp-json\/wp\/v2\/pages\/175","targetHints":{"allow":["GET"]}}],"collection":[{"href":"https:\/\/www.icanian.com\/de\/wp-json\/wp\/v2\/pages"}],"about":[{"href":"https:\/\/www.icanian.com\/de\/wp-json\/wp\/v2\/types\/page"}],"author":[{"embeddable":true,"href":"https:\/\/www.icanian.com\/de\/wp-json\/wp\/v2\/users\/1"}],"replies":[{"embeddable":true,"href":"https:\/\/www.icanian.com\/de\/wp-json\/wp\/v2\/comments?post=175"}],"version-history":[{"count":1,"href":"https:\/\/www.icanian.com\/de\/wp-json\/wp\/v2\/pages\/175\/revisions"}],"predecessor-version":[{"id":2301,"href":"https:\/\/www.icanian.com\/de\/wp-json\/wp\/v2\/pages\/175\/revisions\/2301"}],"wp:attachment":[{"href":"https:\/\/www.icanian.com\/de\/wp-json\/wp\/v2\/media?parent=175"}],"curies":[{"name":"wp","href":"https:\/\/api.w.org\/{rel}","templated":true}]}}