{"id":2401,"date":"2025-10-29T10:49:53","date_gmt":"2025-10-29T02:49:53","guid":{"rendered":"https:\/\/www.icanian.com\/?page_id=2401"},"modified":"2025-10-30T16:13:23","modified_gmt":"2025-10-30T08:13:23","slug":"story-collection","status":"publish","type":"page","link":"https:\/\/www.icanian.com\/es\/story-collection\/","title":{"rendered":"Colecci\u00f3n de cuentos"},"content":{"rendered":"<p><div class=\"fusion-fullwidth fullwidth-box fusion-builder-row-1 fusion-flex-container has-pattern-background has-mask-background nonhundred-percent-fullwidth non-hundred-percent-height-scrolling\" style=\"--awb-border-radius-top-left:0px;--awb-border-radius-top-right:0px;--awb-border-radius-bottom-right:0px;--awb-border-radius-bottom-left:0px;--awb-margin-top:20px;--awb-margin-bottom:20px;--awb-flex-wrap:wrap;\" ><div class=\"fusion-builder-row fusion-row fusion-flex-align-items-flex-start fusion-flex-content-wrap\" style=\"max-width:1622.4px;margin-left: calc(-4% \/ 2 );margin-right: calc(-4% \/ 2 );\"><div class=\"fusion-layout-column fusion_builder_column fusion-builder-column-0 fusion_builder_column_1_1 1_1 fusion-flex-column\" style=\"--awb-bg-size:cover;--awb-width-large:100%;--awb-margin-top-large:0px;--awb-spacing-right-large:1.92%;--awb-margin-bottom-large:20px;--awb-spacing-left-large:1.92%;--awb-width-medium:100%;--awb-order-medium:0;--awb-spacing-right-medium:1.92%;--awb-spacing-left-medium:1.92%;--awb-width-small:100%;--awb-order-small:0;--awb-spacing-right-small:1.92%;--awb-spacing-left-small:1.92%;\"><div class=\"fusion-column-wrapper fusion-column-has-shadow fusion-flex-justify-content-flex-start fusion-content-layout-column\"><div class=\"fusion-text fusion-text-1\"><p>Bienvenido al programa de intercambio de historias de ICANIAN. Sus historias son significativas y pueden ayudar a los ciclistas con experiencias y estilos de conducci\u00f3n similares a comprender mejor el rendimiento de los cuadros y juegos de ruedas de fibra de carbono ICANIAN en diversas condiciones. Estas pruebas en el mundo real tambi\u00e9n tienen un valor incalculable para nuestros desarrolladores de cuadros y ruedas y nos ayudan a innovar continuamente como desarrolladores de cuadros y ruedas. Su experiencia tambi\u00e9n ayudar\u00e1 a otros ciclistas a comprender el rendimiento de nuestros productos en el mundo real.<\/p>\n<p>Como agradecimiento, te ofreceremos una recompensa $50 que podr\u00e1s canjear por un descuento en cualquier producto ICANIAN o recibir en tu cuenta bancaria en efectivo. \u00a1Comparte ahora y reclama tu recompensa!<\/p>\n<p><strong><b>Comparte tus aventuras y gana premios<\/b><\/strong><\/p>\n<\/div><\/div><\/div><\/div><\/div><div class=\"fusion-fullwidth fullwidth-box fusion-builder-row-2 fusion-flex-container has-pattern-background has-mask-background nonhundred-percent-fullwidth non-hundred-percent-height-scrolling\" style=\"--awb-border-radius-top-left:0px;--awb-border-radius-top-right:0px;--awb-border-radius-bottom-right:0px;--awb-border-radius-bottom-left:0px;--awb-flex-wrap:wrap;\" ><div class=\"fusion-builder-row fusion-row fusion-flex-align-items-flex-start fusion-flex-content-wrap\" style=\"max-width:1622.4px;margin-left: calc(-4% \/ 2 );margin-right: calc(-4% \/ 2 );\"><div class=\"fusion-layout-column fusion_builder_column fusion-builder-column-1 fusion_builder_column_1_1 1_1 fusion-flex-column\" style=\"--awb-bg-size:cover;--awb-width-large:100%;--awb-margin-top-large:0px;--awb-spacing-right-large:1.92%;--awb-margin-bottom-large:20px;--awb-spacing-left-large:1.92%;--awb-width-medium:100%;--awb-order-medium:0;--awb-spacing-right-medium:1.92%;--awb-spacing-left-medium:1.92%;--awb-width-small:100%;--awb-order-small:0;--awb-spacing-right-small:1.92%;--awb-spacing-left-small:1.92%;\"><div class=\"fusion-column-wrapper fusion-column-has-shadow fusion-flex-justify-content-flex-start fusion-content-layout-column\"><div class=\"fusion-title title fusion-title-1 fusion-sep-none fusion-title-center fusion-title-text fusion-title-size-three\" style=\"--awb-margin-top:35px;\"><h3 class=\"fusion-title-heading title-heading-center\" style=\"margin:0;\"><strong><b>C\u00f3mo funciona<\/b><\/strong>?<\/h3><\/div><\/div><\/div><div class=\"fusion-layout-column fusion_builder_column fusion-builder-column-2 fusion_builder_column_1_3 1_3 fusion-flex-column\" style=\"--awb-overflow:hidden;--awb-bg-size:cover;--awb-border-radius:15px 15px 15px 15px;--awb-transform:translateY(15px);--awb-transform-hover:translateY(0px);--awb-width-large:33.333333333333%;--awb-margin-top-large:0px;--awb-spacing-right-large:5.76%;--awb-margin-bottom-large:20px;--awb-spacing-left-large:5.76%;--awb-width-medium:33.333333333333%;--awb-order-medium:0;--awb-spacing-right-medium:5.76%;--awb-spacing-left-medium:5.76%;--awb-width-small:100%;--awb-order-small:0;--awb-spacing-right-small:1.92%;--awb-spacing-left-small:1.92%;\" data-scroll-devices=\"small-visibility,medium-visibility,large-visibility\"><div class=\"fusion-column-wrapper fusion-column-has-shadow fusion-flex-justify-content-flex-start fusion-content-layout-column\"><div class=\"fusion-title title fusion-title-2 fusion-sep-none fusion-title-center fusion-title-text fusion-title-size-two\" style=\"--awb-text-color:var(--awb-color5);\"><h2 class=\"fusion-title-heading title-heading-center\" style=\"margin:0;\">01<\/h2><\/div><div class=\"fusion-text fusion-text-2\"><p><strong><b>Recoge tus historias<\/b><\/strong><\/p>\n<p>Env\u00ede un relato original sobre ciclismo (de al menos 400 palabras) junto con un m\u00ednimo de 10 fotos de bicicletas, paisajes y ciclistas. Lo ideal es que las fotos complementen el relato, y aseg\u00farate de que tienes los derechos para compartirlas.<\/p>\n<\/div><\/div><\/div><div class=\"fusion-layout-column fusion_builder_column fusion-builder-column-3 fusion_builder_column_1_3 1_3 fusion-flex-column\" style=\"--awb-overflow:hidden;--awb-bg-size:cover;--awb-border-radius:15px 15px 15px 15px;--awb-transform:translateY(15px);--awb-transform-hover:translateY(0px);--awb-width-large:33.333333333333%;--awb-margin-top-large:0px;--awb-spacing-right-large:5.76%;--awb-margin-bottom-large:20px;--awb-spacing-left-large:5.76%;--awb-width-medium:33.333333333333%;--awb-order-medium:0;--awb-spacing-right-medium:5.76%;--awb-spacing-left-medium:5.76%;--awb-width-small:100%;--awb-order-small:0;--awb-spacing-right-small:1.92%;--awb-spacing-left-small:1.92%;\" data-scroll-devices=\"small-visibility,medium-visibility,large-visibility\"><div class=\"fusion-column-wrapper fusion-column-has-shadow fusion-flex-justify-content-flex-start fusion-content-layout-column\"><div class=\"fusion-title title fusion-title-3 fusion-sep-none fusion-title-center fusion-title-text fusion-title-size-two\" style=\"--awb-text-color:var(--awb-color5);\"><h2 class=\"fusion-title-heading title-heading-center\" style=\"margin:0;\">02<\/h2><\/div><div class=\"fusion-text fusion-text-3\"><p><strong><b>Enviar<\/b><\/strong><\/p>\n<p>Pulse \u201c<strong><span style=\"color: #0000ff;\"><a style=\"color: #0000ff;\" href=\"https:\/\/www.icanian.com\/es\/submit\/\">Compartir mi historia<\/a><\/span><\/strong>\u201c. Rellene los datos del motorista, cargue su historia y sus fotos, y firme el formulario de consentimiento; de lo contrario, no estaremos autorizados a publicar su contenido.<\/p>\n<\/div><\/div><\/div><div class=\"fusion-layout-column fusion_builder_column fusion-builder-column-4 fusion_builder_column_1_3 1_3 fusion-flex-column\" style=\"--awb-overflow:hidden;--awb-bg-size:cover;--awb-border-radius:15px 15px 15px 15px;--awb-transform:translateY(15px);--awb-transform-hover:translateY(0px);--awb-width-large:33.333333333333%;--awb-margin-top-large:0px;--awb-spacing-right-large:5.76%;--awb-margin-bottom-large:20px;--awb-spacing-left-large:5.76%;--awb-width-medium:33.333333333333%;--awb-order-medium:0;--awb-spacing-right-medium:5.76%;--awb-spacing-left-medium:5.76%;--awb-width-small:100%;--awb-order-small:0;--awb-spacing-right-small:1.92%;--awb-spacing-left-small:1.92%;\" data-scroll-devices=\"small-visibility,medium-visibility,large-visibility\"><div class=\"fusion-column-wrapper fusion-column-has-shadow fusion-flex-justify-content-flex-start fusion-content-layout-column\"><div class=\"fusion-title title fusion-title-4 fusion-sep-none fusion-title-center fusion-title-text fusion-title-size-two\" style=\"--awb-text-color:var(--awb-color5);\"><h2 class=\"fusion-title-heading title-heading-center\" style=\"margin:0;\">03<\/h2><\/div><div class=\"fusion-text fusion-text-4\"><p><strong><b>Recompensa<\/b><\/strong><\/p>\n<p>Cosecha las recompensas Si eres seleccionado, \u00a1recibir\u00e1s una recompensa de $50! Recibir\u00e1s una p\u00e1gina exclusiva de tu historia en nuestro sitio web (publicada en un plazo de 1 a 2 meses), y tambi\u00e9n compartiremos tu historia en nuestras redes sociales.<\/p>\n<\/div><\/div><\/div><\/div><\/div><div class=\"fusion-fullwidth fullwidth-box fusion-builder-row-3 fusion-flex-container has-pattern-background has-mask-background nonhundred-percent-fullwidth non-hundred-percent-height-scrolling\" style=\"--awb-border-radius-top-left:0px;--awb-border-radius-top-right:0px;--awb-border-radius-bottom-right:0px;--awb-border-radius-bottom-left:0px;--awb-background-color:#e9e9e9;--awb-flex-wrap:wrap;\" ><div class=\"fusion-builder-row fusion-row fusion-flex-align-items-center fusion-flex-justify-content-center fusion-flex-content-wrap\" style=\"max-width:1622.4px;margin-left: calc(-4% \/ 2 );margin-right: calc(-4% \/ 2 );\"><div class=\"fusion-layout-column fusion_builder_column fusion-builder-column-5 fusion_builder_column_3_4 3_4 fusion-flex-column\" style=\"--awb-bg-size:cover;--awb-width-large:75%;--awb-margin-top-large:0px;--awb-spacing-right-large:2.56%;--awb-margin-bottom-large:20px;--awb-spacing-left-large:2.56%;--awb-width-medium:75%;--awb-order-medium:0;--awb-spacing-right-medium:2.56%;--awb-spacing-left-medium:2.56%;--awb-width-small:100%;--awb-order-small:0;--awb-spacing-right-small:1.92%;--awb-spacing-left-small:1.92%;\" data-scroll-devices=\"small-visibility,medium-visibility,large-visibility\"><div class=\"fusion-column-wrapper fusion-column-has-shadow fusion-flex-justify-content-flex-start fusion-content-layout-column\"><div class=\"fusion-title title fusion-title-5 fusion-sep-none fusion-title-center fusion-title-text fusion-title-size-three\" style=\"--awb-margin-top:75px;--awb-margin-bottom:35px;\"><h3 class=\"fusion-title-heading title-heading-center\" style=\"margin:0;\"><strong><b>Capture cada momento maravilloso<\/b><\/strong>?<\/h3><\/div><div class=\"fusion-text fusion-text-5\"><p>\u00bfTe preocupa tu capacidad de redacci\u00f3n? No lo est\u00e9s: \u00a1no es una competici\u00f3n! Valoramos el contenido aut\u00e9ntico y original, acompa\u00f1ado de fotos claras y atractivas. A diferencia de las rese\u00f1as ciclistas tradicionales, el tema de tu historia ciclista no es tan estricto: desde personalizar una bicicleta desde cero hasta carreras de resistencia o viajes impresionantes, todo depende de ti.<\/p>\n<p>1. \u00bfNecesitas inspiraci\u00f3n? Aqu\u00ed tienes algunas ideas optimizadas a la medida de los ciclistas ICANIAN:<\/p>\n<p>2. Conocimientos sobre el desembalaje del producto ICANIAN y el montaje del cuadro y las ruedas.<\/p>\n<p>3. Sus experiencias y consejos sobre rutas populares.<\/p>\n<p>4. Experiencias de conducci\u00f3n inolvidables, como arreglar un pinchazo en una zona remota.<\/p>\n<p>5. Su pasi\u00f3n por las disciplinas ciclistas (por ejemplo, gravel, bicicleta de monta\u00f1a) y por qu\u00e9 le fascinan.<\/p>\n<p>6. Conocimientos profesionales de ciclismo, tutoriales y puesta en com\u00fan.<\/p>\n<p>7. Sus ideas sobre qu\u00e9 marco o llanta deber\u00edamos desarrollar a continuaci\u00f3n.<\/p>\n<\/div><\/div><\/div><div class=\"fusion-layout-column fusion_builder_column fusion-builder-column-6 fusion_builder_column_1_1 1_1 fusion-flex-column\" style=\"--awb-bg-size:cover;--awb-width-large:100%;--awb-margin-top-large:0px;--awb-spacing-right-large:1.92%;--awb-margin-bottom-large:20px;--awb-spacing-left-large:1.92%;--awb-width-medium:100%;--awb-order-medium:0;--awb-spacing-right-medium:1.92%;--awb-spacing-left-medium:1.92%;--awb-width-small:100%;--awb-order-small:0;--awb-spacing-right-small:1.92%;--awb-spacing-left-small:1.92%;\"><div class=\"fusion-column-wrapper fusion-column-has-shadow fusion-flex-justify-content-flex-start fusion-content-layout-column\"><div class=\"fusion-image-element\" style=\"text-align:center;--awb-caption-title-font-family:var(--h2_typography-font-family);--awb-caption-title-font-weight:var(--h2_typography-font-weight);--awb-caption-title-font-style:var(--h2_typography-font-style);--awb-caption-title-size:var(--h2_typography-font-size);--awb-caption-title-transform:var(--h2_typography-text-transform);--awb-caption-title-line-height:var(--h2_typography-line-height);--awb-caption-title-letter-spacing:var(--h2_typography-letter-spacing);\"><span class=\"fusion-imageframe imageframe-none imageframe-1 hover-type-none\"><img decoding=\"async\" width=\"2315\" height=\"952\" title=\"ICANIAN MTB Bicicleta de carbono P9\" src=\"https:\/\/www.icanian.com\/wp-content\/uploads\/2025\/10\/ICANIAN-MTB-Carbon-Bike-P9.avif\" alt class=\"img-responsive wp-image-2449 disable-lazyload\" srcset=\"https:\/\/www.icanian.com\/wp-content\/uploads\/2025\/10\/ICANIAN-MTB-Carbon-Bike-P9-200x82.avif 200w, https:\/\/www.icanian.com\/wp-content\/uploads\/2025\/10\/ICANIAN-MTB-Carbon-Bike-P9-400x164.avif 400w, https:\/\/www.icanian.com\/wp-content\/uploads\/2025\/10\/ICANIAN-MTB-Carbon-Bike-P9-600x247.avif 600w, https:\/\/www.icanian.com\/wp-content\/uploads\/2025\/10\/ICANIAN-MTB-Carbon-Bike-P9-800x329.avif 800w, https:\/\/www.icanian.com\/wp-content\/uploads\/2025\/10\/ICANIAN-MTB-Carbon-Bike-P9-1200x493.avif 1200w, https:\/\/www.icanian.com\/wp-content\/uploads\/2025\/10\/ICANIAN-MTB-Carbon-Bike-P9.avif 2315w\" sizes=\"(max-width: 640px) 100vw, 2315px\" \/><\/span><\/div><\/div><\/div><\/div><\/div><\/p>","protected":false},"excerpt":{"rendered":"","protected":false},"author":1,"featured_media":0,"parent":0,"menu_order":0,"comment_status":"closed","ping_status":"closed","template":"100-width.php","meta":{"_glsr_average":0,"_glsr_ranking":0,"_glsr_reviews":0,"footnotes":""},"class_list":["post-2401","page","type-page","status-publish","hentry"],"yoast_head":"<!-- This site is optimized with the Yoast SEO plugin v27.4 - https:\/\/yoast.com\/product\/yoast-seo-wordpress\/ -->\n<title>Story collection - ICANIAN<\/title>\n<meta name=\"robots\" content=\"index, follow, max-snippet:-1, max-image-preview:large, max-video-preview:-1\" \/>\n<link rel=\"canonical\" href=\"https:\/\/www.icanian.com\/es\/story-collection\/\" \/>\n<meta property=\"og:locale\" content=\"es_ES\" \/>\n<meta property=\"og:type\" content=\"article\" \/>\n<meta property=\"og:title\" content=\"Story collection - ICANIAN\" \/>\n<meta property=\"og:url\" content=\"https:\/\/www.icanian.com\/es\/story-collection\/\" \/>\n<meta property=\"og:site_name\" content=\"ICANIAN\" \/>\n<meta property=\"article:modified_time\" content=\"2025-10-30T08:13:23+00:00\" \/>\n<meta name=\"twitter:card\" content=\"summary_large_image\" \/>\n<meta name=\"twitter:label1\" content=\"Tiempo de lectura\" \/>\n\t<meta name=\"twitter:data1\" content=\"2 minutos\" \/>\n<script type=\"application\/ld+json\" class=\"yoast-schema-graph\">{\"@context\":\"https:\\\/\\\/schema.org\",\"@graph\":[{\"@type\":\"WebPage\",\"@id\":\"https:\\\/\\\/www.icanian.com\\\/story-collection\\\/\",\"url\":\"https:\\\/\\\/www.icanian.com\\\/story-collection\\\/\",\"name\":\"Story collection - ICANIAN\",\"isPartOf\":{\"@id\":\"https:\\\/\\\/www.icanian.com\\\/#website\"},\"datePublished\":\"2025-10-29T02:49:53+00:00\",\"dateModified\":\"2025-10-30T08:13:23+00:00\",\"breadcrumb\":{\"@id\":\"https:\\\/\\\/www.icanian.com\\\/story-collection\\\/#breadcrumb\"},\"inLanguage\":\"es\",\"potentialAction\":[{\"@type\":\"ReadAction\",\"target\":[\"https:\\\/\\\/www.icanian.com\\\/story-collection\\\/\"]}]},{\"@type\":\"BreadcrumbList\",\"@id\":\"https:\\\/\\\/www.icanian.com\\\/story-collection\\\/#breadcrumb\",\"itemListElement\":[{\"@type\":\"ListItem\",\"position\":1,\"name\":\"Home\",\"item\":\"https:\\\/\\\/www.icanian.com\\\/\"},{\"@type\":\"ListItem\",\"position\":2,\"name\":\"Story collection\"}]},{\"@type\":\"WebSite\",\"@id\":\"https:\\\/\\\/www.icanian.com\\\/#website\",\"url\":\"https:\\\/\\\/www.icanian.com\\\/\",\"name\":\"ICANIAN\",\"description\":\"\",\"potentialAction\":[{\"@type\":\"SearchAction\",\"target\":{\"@type\":\"EntryPoint\",\"urlTemplate\":\"https:\\\/\\\/www.icanian.com\\\/?s={search_term_string}\"},\"query-input\":{\"@type\":\"PropertyValueSpecification\",\"valueRequired\":true,\"valueName\":\"search_term_string\"}}],\"inLanguage\":\"es\"}]}<\/script>\n<!-- \/ Yoast SEO plugin. -->","yoast_head_json":{"title":"Colecci\u00f3n de relatos - ICANIAN","robots":{"index":"index","follow":"follow","max-snippet":"max-snippet:-1","max-image-preview":"max-image-preview:large","max-video-preview":"max-video-preview:-1"},"canonical":"https:\/\/www.icanian.com\/es\/story-collection\/","og_locale":"es_ES","og_type":"article","og_title":"Story collection - ICANIAN","og_url":"https:\/\/www.icanian.com\/es\/story-collection\/","og_site_name":"ICANIAN","article_modified_time":"2025-10-30T08:13:23+00:00","twitter_card":"summary_large_image","twitter_misc":{"Tiempo de lectura":"2 minutos"},"schema":{"@context":"https:\/\/schema.org","@graph":[{"@type":"WebPage","@id":"https:\/\/www.icanian.com\/story-collection\/","url":"https:\/\/www.icanian.com\/story-collection\/","name":"Colecci\u00f3n de relatos - ICANIAN","isPartOf":{"@id":"https:\/\/www.icanian.com\/#website"},"datePublished":"2025-10-29T02:49:53+00:00","dateModified":"2025-10-30T08:13:23+00:00","breadcrumb":{"@id":"https:\/\/www.icanian.com\/story-collection\/#breadcrumb"},"inLanguage":"es","potentialAction":[{"@type":"ReadAction","target":["https:\/\/www.icanian.com\/story-collection\/"]}]},{"@type":"BreadcrumbList","@id":"https:\/\/www.icanian.com\/story-collection\/#breadcrumb","itemListElement":[{"@type":"ListItem","position":1,"name":"Home","item":"https:\/\/www.icanian.com\/"},{"@type":"ListItem","position":2,"name":"Story collection"}]},{"@type":"WebSite","@id":"https:\/\/www.icanian.com\/#website","url":"https:\/\/www.icanian.com\/","name":"ICANIAN","description":"","potentialAction":[{"@type":"SearchAction","target":{"@type":"EntryPoint","urlTemplate":"https:\/\/www.icanian.com\/?s={search_term_string}"},"query-input":{"@type":"PropertyValueSpecification","valueRequired":true,"valueName":"search_term_string"}}],"inLanguage":"es"}]}},"_links":{"self":[{"href":"https:\/\/www.icanian.com\/es\/wp-json\/wp\/v2\/pages\/2401","targetHints":{"allow":["GET"]}}],"collection":[{"href":"https:\/\/www.icanian.com\/es\/wp-json\/wp\/v2\/pages"}],"about":[{"href":"https:\/\/www.icanian.com\/es\/wp-json\/wp\/v2\/types\/page"}],"author":[{"embeddable":true,"href":"https:\/\/www.icanian.com\/es\/wp-json\/wp\/v2\/users\/1"}],"replies":[{"embeddable":true,"href":"https:\/\/www.icanian.com\/es\/wp-json\/wp\/v2\/comments?post=2401"}],"version-history":[{"count":16,"href":"https:\/\/www.icanian.com\/es\/wp-json\/wp\/v2\/pages\/2401\/revisions"}],"predecessor-version":[{"id":2486,"href":"https:\/\/www.icanian.com\/es\/wp-json\/wp\/v2\/pages\/2401\/revisions\/2486"}],"wp:attachment":[{"href":"https:\/\/www.icanian.com\/es\/wp-json\/wp\/v2\/media?parent=2401"}],"curies":[{"name":"wp","href":"https:\/\/api.w.org\/{rel}","templated":true}]}}