{"id":175,"date":"2024-09-13T05:48:48","date_gmt":"2024-09-13T05:48:48","guid":{"rendered":"https:\/\/icanian.com\/?page_id=175"},"modified":"2025-09-19T15:03:42","modified_gmt":"2025-09-19T07:03:42","slug":"shipping","status":"publish","type":"page","link":"https:\/\/www.icanian.com\/fr\/shipping\/","title":{"rendered":"Exp\u00e9dition"},"content":{"rendered":"<p><div class=\"fusion-fullwidth fullwidth-box fusion-builder-row-1 fusion-flex-container has-pattern-background has-mask-background nonhundred-percent-fullwidth non-hundred-percent-height-scrolling\" style=\"--awb-border-radius-top-left:0px;--awb-border-radius-top-right:0px;--awb-border-radius-bottom-right:0px;--awb-border-radius-bottom-left:0px;--awb-flex-wrap:wrap;\" ><div class=\"fusion-builder-row fusion-row fusion-flex-align-items-flex-start fusion-flex-content-wrap\" style=\"max-width:1622.4px;margin-left: calc(-4% \/ 2 );margin-right: calc(-4% \/ 2 );\"><div class=\"fusion-layout-column fusion_builder_column fusion-builder-column-0 fusion_builder_column_1_1 1_1 fusion-flex-column\" style=\"--awb-bg-size:cover;--awb-width-large:100%;--awb-margin-top-large:0px;--awb-spacing-right-large:1.92%;--awb-margin-bottom-large:20px;--awb-spacing-left-large:1.92%;--awb-width-medium:100%;--awb-order-medium:0;--awb-spacing-right-medium:1.92%;--awb-spacing-left-medium:1.92%;--awb-width-small:100%;--awb-order-small:0;--awb-spacing-right-small:1.92%;--awb-spacing-left-small:1.92%;\"><div class=\"fusion-column-wrapper fusion-column-has-shadow fusion-flex-justify-content-flex-start fusion-content-layout-column\"><div class=\"fusion-title title fusion-title-1 fusion-sep-none fusion-title-center fusion-title-text fusion-title-size-four\"><h4 class=\"fusion-title-heading title-heading-center\" style=\"margin:0;\"><\/h4><\/div><div class=\"fusion-title title fusion-title-2 fusion-sep-none fusion-title-center fusion-title-text fusion-title-size-four\"><h4 class=\"fusion-title-heading title-heading-center\" style=\"margin:0;\">Exp\u00e9dition et livraison<\/h4><\/div><\/div><\/div><\/div><\/div><div class=\"fusion-fullwidth fullwidth-box fusion-builder-row-2 fusion-flex-container has-pattern-background has-mask-background nonhundred-percent-fullwidth non-hundred-percent-height-scrolling\" style=\"--awb-border-radius-top-left:0px;--awb-border-radius-top-right:0px;--awb-border-radius-bottom-right:0px;--awb-border-radius-bottom-left:0px;--awb-flex-wrap:wrap;\" ><div class=\"fusion-builder-row fusion-row fusion-flex-align-items-flex-start fusion-flex-content-wrap\" style=\"max-width:1622.4px;margin-left: calc(-4% \/ 2 );margin-right: calc(-4% \/ 2 );\"><div class=\"fusion-layout-column fusion_builder_column fusion-builder-column-1 fusion_builder_column_1_1 1_1 fusion-flex-column\" style=\"--awb-bg-size:cover;--awb-width-large:100%;--awb-margin-top-large:0px;--awb-spacing-right-large:1.92%;--awb-margin-bottom-large:20px;--awb-spacing-left-large:1.92%;--awb-width-medium:100%;--awb-order-medium:0;--awb-spacing-right-medium:1.92%;--awb-spacing-left-medium:1.92%;--awb-width-small:100%;--awb-order-small:0;--awb-spacing-right-small:1.92%;--awb-spacing-left-small:1.92%;\"><div class=\"fusion-column-wrapper fusion-column-has-shadow fusion-flex-justify-content-flex-start fusion-content-layout-column\"><div class=\"fusion-text fusion-text-1\"><p><strong>Quels sont les modes de paiement ?<\/strong><\/p>\n<p>Nous acceptons les m\u00e9thodes de paiement suivantes : carte cadeau, VISA, Mastercard via Paypal en ligne. Si vous souhaitez un service WESTERN UNION ou un virement bancaire, contactez-nous.<\/p>\n<p>Si vous rencontrez des probl\u00e8mes au cours du processus de paiement, n'h\u00e9sitez pas \u00e0 nous en faire part.<\/p>\n<p><strong>Imp\u00f4ts<\/strong><\/p>\n<p>Tous les prix des produits ICANIAN que nous proposons au client s'entendent hors taxes, \u00e0 l'exception des taxes suivantes <a href=\"#\">produits de l'entrep\u00f4t d'outre-mer<\/a>.<\/p>\n<p><strong><em>Avant de passer une commande, veuillez v\u00e9rifier si les produits que vous avez achet\u00e9s sont disponibles dans notre entrep\u00f4t \u00e0 l'\u00e9tranger.<\/em><\/strong><\/p>\n<p><strong>Les taxes et les frais d'exp\u00e9dition pour tous les produits sont gratuits dans les entrep\u00f4ts locaux \u00e0 l'\u00e9tranger.<\/strong><\/p>\n<p><strong>Exp\u00e9dition dans le monde entier<\/strong><br \/>\nNous exp\u00e9dions dans tous les pays par <em><strong>Chine EMS<\/strong><\/em>. Une fois que nous avons re\u00e7u votre commande, nous exp\u00e9dions le cadre imm\u00e9diatement et commen\u00e7ons \u00e0 construire vos roues \u00e0 la main avec les options que vous avez s\u00e9lectionn\u00e9es. Nous exp\u00e9dions vos roues par China EMS et fournissons toujours un num\u00e9ro de suivi.<\/p>\n<p>En ce qui concerne les petits articles italiens, nous les exp\u00e9dions par E-packet ou DHL, dans un d\u00e9lai de 12 \u00e0 20 jours.<\/p>\n<p><strong>Attention<\/strong>: Si vous souhaitez un d\u00e9lai de livraison tr\u00e8s rapide, ICANIAN vous propose le service d'exp\u00e9dition DHL. Le d\u00e9lai est de 3 \u00e0 5 jours ouvrables, veuillez nous contacter pour conna\u00eetre le prix de l'exp\u00e9dition.<\/p>\n<\/div><\/div><\/div><\/div><\/div><\/p>","protected":false},"excerpt":{"rendered":"","protected":false},"author":1,"featured_media":0,"parent":0,"menu_order":0,"comment_status":"closed","ping_status":"closed","template":"","meta":{"_glsr_average":0,"_glsr_ranking":0,"_glsr_reviews":0,"footnotes":""},"class_list":["post-175","page","type-page","status-publish","hentry"],"yoast_head":"<!-- This site is optimized with the Yoast SEO plugin v27.4 - https:\/\/yoast.com\/product\/yoast-seo-wordpress\/ -->\n<title>Shipping - ICANIAN<\/title>\n<meta name=\"robots\" content=\"index, follow, max-snippet:-1, max-image-preview:large, max-video-preview:-1\" \/>\n<link rel=\"canonical\" href=\"https:\/\/www.icanian.com\/fr\/shipping\/\" \/>\n<meta property=\"og:locale\" content=\"fr_FR\" \/>\n<meta property=\"og:type\" content=\"article\" \/>\n<meta property=\"og:title\" content=\"Shipping - ICANIAN\" \/>\n<meta property=\"og:url\" content=\"https:\/\/www.icanian.com\/fr\/shipping\/\" \/>\n<meta property=\"og:site_name\" content=\"ICANIAN\" \/>\n<meta property=\"article:modified_time\" content=\"2025-09-19T07:03:42+00:00\" \/>\n<meta name=\"twitter:card\" content=\"summary_large_image\" \/>\n<meta name=\"twitter:label1\" content=\"Dur\u00e9e de lecture estim\u00e9e\" \/>\n\t<meta name=\"twitter:data1\" content=\"1 minute\" \/>\n<script type=\"application\/ld+json\" class=\"yoast-schema-graph\">{\"@context\":\"https:\\\/\\\/schema.org\",\"@graph\":[{\"@type\":\"WebPage\",\"@id\":\"https:\\\/\\\/www.icanian.com\\\/shipping\\\/\",\"url\":\"https:\\\/\\\/www.icanian.com\\\/shipping\\\/\",\"name\":\"Shipping - ICANIAN\",\"isPartOf\":{\"@id\":\"https:\\\/\\\/www.icanian.com\\\/#website\"},\"datePublished\":\"2024-09-13T05:48:48+00:00\",\"dateModified\":\"2025-09-19T07:03:42+00:00\",\"breadcrumb\":{\"@id\":\"https:\\\/\\\/www.icanian.com\\\/shipping\\\/#breadcrumb\"},\"inLanguage\":\"fr-FR\",\"potentialAction\":[{\"@type\":\"ReadAction\",\"target\":[\"https:\\\/\\\/www.icanian.com\\\/shipping\\\/\"]}]},{\"@type\":\"BreadcrumbList\",\"@id\":\"https:\\\/\\\/www.icanian.com\\\/shipping\\\/#breadcrumb\",\"itemListElement\":[{\"@type\":\"ListItem\",\"position\":1,\"name\":\"Home\",\"item\":\"https:\\\/\\\/www.icanian.com\\\/\"},{\"@type\":\"ListItem\",\"position\":2,\"name\":\"Shipping\"}]},{\"@type\":\"WebSite\",\"@id\":\"https:\\\/\\\/www.icanian.com\\\/#website\",\"url\":\"https:\\\/\\\/www.icanian.com\\\/\",\"name\":\"ICANIAN\",\"description\":\"\",\"potentialAction\":[{\"@type\":\"SearchAction\",\"target\":{\"@type\":\"EntryPoint\",\"urlTemplate\":\"https:\\\/\\\/www.icanian.com\\\/?s={search_term_string}\"},\"query-input\":{\"@type\":\"PropertyValueSpecification\",\"valueRequired\":true,\"valueName\":\"search_term_string\"}}],\"inLanguage\":\"fr-FR\"}]}<\/script>\n<!-- \/ Yoast SEO plugin. -->","yoast_head_json":{"title":"Exp\u00e9dition - ICANIAN","robots":{"index":"index","follow":"follow","max-snippet":"max-snippet:-1","max-image-preview":"max-image-preview:large","max-video-preview":"max-video-preview:-1"},"canonical":"https:\/\/www.icanian.com\/fr\/shipping\/","og_locale":"fr_FR","og_type":"article","og_title":"Shipping - ICANIAN","og_url":"https:\/\/www.icanian.com\/fr\/shipping\/","og_site_name":"ICANIAN","article_modified_time":"2025-09-19T07:03:42+00:00","twitter_card":"summary_large_image","twitter_misc":{"Dur\u00e9e de lecture estim\u00e9e":"1 minute"},"schema":{"@context":"https:\/\/schema.org","@graph":[{"@type":"WebPage","@id":"https:\/\/www.icanian.com\/shipping\/","url":"https:\/\/www.icanian.com\/shipping\/","name":"Exp\u00e9dition - ICANIAN","isPartOf":{"@id":"https:\/\/www.icanian.com\/#website"},"datePublished":"2024-09-13T05:48:48+00:00","dateModified":"2025-09-19T07:03:42+00:00","breadcrumb":{"@id":"https:\/\/www.icanian.com\/shipping\/#breadcrumb"},"inLanguage":"fr-FR","potentialAction":[{"@type":"ReadAction","target":["https:\/\/www.icanian.com\/shipping\/"]}]},{"@type":"BreadcrumbList","@id":"https:\/\/www.icanian.com\/shipping\/#breadcrumb","itemListElement":[{"@type":"ListItem","position":1,"name":"Home","item":"https:\/\/www.icanian.com\/"},{"@type":"ListItem","position":2,"name":"Shipping"}]},{"@type":"WebSite","@id":"https:\/\/www.icanian.com\/#website","url":"https:\/\/www.icanian.com\/","name":"ICANIEN","description":"","potentialAction":[{"@type":"SearchAction","target":{"@type":"EntryPoint","urlTemplate":"https:\/\/www.icanian.com\/?s={search_term_string}"},"query-input":{"@type":"PropertyValueSpecification","valueRequired":true,"valueName":"search_term_string"}}],"inLanguage":"fr-FR"}]}},"_links":{"self":[{"href":"https:\/\/www.icanian.com\/fr\/wp-json\/wp\/v2\/pages\/175","targetHints":{"allow":["GET"]}}],"collection":[{"href":"https:\/\/www.icanian.com\/fr\/wp-json\/wp\/v2\/pages"}],"about":[{"href":"https:\/\/www.icanian.com\/fr\/wp-json\/wp\/v2\/types\/page"}],"author":[{"embeddable":true,"href":"https:\/\/www.icanian.com\/fr\/wp-json\/wp\/v2\/users\/1"}],"replies":[{"embeddable":true,"href":"https:\/\/www.icanian.com\/fr\/wp-json\/wp\/v2\/comments?post=175"}],"version-history":[{"count":1,"href":"https:\/\/www.icanian.com\/fr\/wp-json\/wp\/v2\/pages\/175\/revisions"}],"predecessor-version":[{"id":2301,"href":"https:\/\/www.icanian.com\/fr\/wp-json\/wp\/v2\/pages\/175\/revisions\/2301"}],"wp:attachment":[{"href":"https:\/\/www.icanian.com\/fr\/wp-json\/wp\/v2\/media?parent=175"}],"curies":[{"name":"wp","href":"https:\/\/api.w.org\/{rel}","templated":true}]}}