{"id":1324,"date":"2025-05-17T04:30:37","date_gmt":"2025-05-17T04:30:37","guid":{"rendered":"https:\/\/www.icanian.com\/?page_id=1324"},"modified":"2025-10-30T11:25:13","modified_gmt":"2025-10-30T03:25:13","slug":"partnership","status":"publish","type":"page","link":"https:\/\/www.icanian.com\/sv\/partnership\/","title":{"rendered":"Partnerskap"},"content":{"rendered":"<p><div class=\"fusion-fullwidth fullwidth-box fusion-builder-row-1 fusion-flex-container has-pattern-background has-mask-background nonhundred-percent-fullwidth non-hundred-percent-height-scrolling\" style=\"--awb-border-radius-top-left:0px;--awb-border-radius-top-right:0px;--awb-border-radius-bottom-right:0px;--awb-border-radius-bottom-left:0px;--awb-flex-wrap:wrap;\" ><div class=\"fusion-builder-row fusion-row fusion-flex-align-items-flex-start fusion-flex-content-wrap\" style=\"max-width:1622.4px;margin-left: calc(-4% \/ 2 );margin-right: calc(-4% \/ 2 );\"><div class=\"fusion-layout-column fusion_builder_column fusion-builder-column-0 fusion_builder_column_1_3 1_3 fusion-flex-column\" style=\"--awb-bg-color:#e7e5e3;--awb-bg-color-hover:#e7e5e3;--awb-bg-size:cover;--awb-width-large:33.333333333333%;--awb-margin-top-large:0px;--awb-spacing-right-large:5.76%;--awb-margin-bottom-large:20px;--awb-spacing-left-large:5.76%;--awb-width-medium:33.333333333333%;--awb-order-medium:0;--awb-spacing-right-medium:5.76%;--awb-spacing-left-medium:5.76%;--awb-width-small:100%;--awb-order-small:0;--awb-spacing-right-small:1.92%;--awb-spacing-left-small:1.92%;\" data-scroll-devices=\"small-visibility,medium-visibility,large-visibility\"><div class=\"fusion-column-wrapper fusion-column-has-shadow fusion-flex-justify-content-flex-start fusion-content-layout-column\"><div class=\"fusion-image-element\" style=\"text-align:center;--awb-caption-title-font-family:var(--h2_typography-font-family);--awb-caption-title-font-weight:var(--h2_typography-font-weight);--awb-caption-title-font-style:var(--h2_typography-font-style);--awb-caption-title-size:var(--h2_typography-font-size);--awb-caption-title-transform:var(--h2_typography-text-transform);--awb-caption-title-line-height:var(--h2_typography-line-height);--awb-caption-title-letter-spacing:var(--h2_typography-letter-spacing);\"><span class=\"fusion-imageframe imageframe-none imageframe-1 hover-type-zoomin\"><img decoding=\"async\" width=\"1200\" height=\"1200\" alt=\"Carbon 29ER All mountain wheel AM2934\" title=\"Kolfiber 29ER All mountain-hjul AM29-34-01\" src=\"https:\/\/www.icanian.com\/wp-content\/uploads\/2024\/12\/Carbon-29ER-All-mountain-wheel-AM29-34-01.avif\" data-orig-src=\"https:\/\/www.icanian.com\/wp-content\/uploads\/2024\/12\/Carbon-29ER-All-mountain-wheel-AM29-34-01.avif\" class=\"lazyload img-responsive wp-image-1075\" srcset=\"data:image\/svg+xml,%3Csvg%20xmlns%3D%27http%3A%2F%2Fwww.w3.org%2F2000%2Fsvg%27%20width%3D%271200%27%20height%3D%271200%27%20viewBox%3D%270%200%201200%201200%27%3E%3Crect%20width%3D%271200%27%20height%3D%271200%27%20fill-opacity%3D%220%22%2F%3E%3C%2Fsvg%3E\" data-srcset=\"https:\/\/www.icanian.com\/wp-content\/uploads\/2024\/12\/Carbon-29ER-All-mountain-wheel-AM29-34-01-200x200.avif 200w, https:\/\/www.icanian.com\/wp-content\/uploads\/2024\/12\/Carbon-29ER-All-mountain-wheel-AM29-34-01-400x400.avif 400w, https:\/\/www.icanian.com\/wp-content\/uploads\/2024\/12\/Carbon-29ER-All-mountain-wheel-AM29-34-01-600x600.avif 600w, https:\/\/www.icanian.com\/wp-content\/uploads\/2024\/12\/Carbon-29ER-All-mountain-wheel-AM29-34-01-800x800.avif 800w, https:\/\/www.icanian.com\/wp-content\/uploads\/2024\/12\/Carbon-29ER-All-mountain-wheel-AM29-34-01.avif 1200w\" data-sizes=\"auto\" data-orig-sizes=\"(max-width: 640px) 100vw, 600px\" \/><\/span><\/div><div class=\"fusion-title title fusion-title-1 fusion-sep-none fusion-title-center fusion-title-text fusion-title-size-five\" style=\"--awb-font-size:18px;\"><h5 class=\"fusion-title-heading title-heading-center\" style=\"margin:0;font-size:1em;\"><span style=\"color: #fc4c02;\">01<\/span>\u00a0 MEDIA<\/h5><\/div><div style=\"text-align:center;\"><a class=\"fusion-button button-flat button-medium button-custom fusion-button-default button-1 fusion-button-default-span\" style=\"--button_accent_color:var(--awb-color1);--button_accent_hover_color:var(--awb-color1);--button_border_hover_color:var(--awb-color6);--button_gradient_top_color:var(--awb-color5);--button_gradient_bottom_color:var(--awb-color5);--button_gradient_top_color_hover:#000000;--button_gradient_bottom_color_hover:#000000;--button_margin-top:20px;--button_margin-bottom:35px;\" target=\"_blank\" rel=\"noopener noreferrer\" href=\"https:\/\/www.icanian.com\/sv\/partnership\/media-event\/\"><span class=\"fusion-button-text awb-button__text awb-button__text--default\">L\u00c4R DIG MER<\/span><i class=\"fa-chevron-circle-right fas awb-button__icon awb-button__icon--default button-icon-right\" aria-hidden=\"true\"><\/i><\/a><\/div><\/div><\/div><div class=\"fusion-layout-column fusion_builder_column fusion-builder-column-1 fusion_builder_column_1_3 1_3 fusion-flex-column\" style=\"--awb-bg-color:#e7e5e3;--awb-bg-color-hover:#e7e5e3;--awb-bg-size:cover;--awb-width-large:33.333333333333%;--awb-margin-top-large:0px;--awb-spacing-right-large:5.76%;--awb-margin-bottom-large:20px;--awb-spacing-left-large:5.76%;--awb-width-medium:33.333333333333%;--awb-order-medium:0;--awb-spacing-right-medium:5.76%;--awb-spacing-left-medium:5.76%;--awb-width-small:100%;--awb-order-small:0;--awb-spacing-right-small:1.92%;--awb-spacing-left-small:1.92%;\" data-scroll-devices=\"small-visibility,medium-visibility,large-visibility\"><div class=\"fusion-column-wrapper fusion-column-has-shadow fusion-flex-justify-content-flex-start fusion-content-layout-column\"><div class=\"fusion-image-element\" style=\"text-align:center;--awb-caption-title-font-family:var(--h2_typography-font-family);--awb-caption-title-font-weight:var(--h2_typography-font-weight);--awb-caption-title-font-style:var(--h2_typography-font-style);--awb-caption-title-size:var(--h2_typography-font-size);--awb-caption-title-transform:var(--h2_typography-text-transform);--awb-caption-title-line-height:var(--h2_typography-line-height);--awb-caption-title-letter-spacing:var(--h2_typography-letter-spacing);\"><span class=\"fusion-imageframe imageframe-none imageframe-2 hover-type-zoomin\"><img decoding=\"async\" width=\"1200\" height=\"1200\" alt=\"Carbon 29ER All mountain wheel AM2934\" title=\"Kolfiber 29ER All mountain-hjul AM29-34-01\" src=\"https:\/\/www.icanian.com\/wp-content\/uploads\/2024\/12\/Carbon-29ER-All-mountain-wheel-AM29-34-01.avif\" data-orig-src=\"https:\/\/www.icanian.com\/wp-content\/uploads\/2024\/12\/Carbon-29ER-All-mountain-wheel-AM29-34-01.avif\" class=\"lazyload img-responsive wp-image-1075\" srcset=\"data:image\/svg+xml,%3Csvg%20xmlns%3D%27http%3A%2F%2Fwww.w3.org%2F2000%2Fsvg%27%20width%3D%271200%27%20height%3D%271200%27%20viewBox%3D%270%200%201200%201200%27%3E%3Crect%20width%3D%271200%27%20height%3D%271200%27%20fill-opacity%3D%220%22%2F%3E%3C%2Fsvg%3E\" data-srcset=\"https:\/\/www.icanian.com\/wp-content\/uploads\/2024\/12\/Carbon-29ER-All-mountain-wheel-AM29-34-01-200x200.avif 200w, https:\/\/www.icanian.com\/wp-content\/uploads\/2024\/12\/Carbon-29ER-All-mountain-wheel-AM29-34-01-400x400.avif 400w, https:\/\/www.icanian.com\/wp-content\/uploads\/2024\/12\/Carbon-29ER-All-mountain-wheel-AM29-34-01-600x600.avif 600w, https:\/\/www.icanian.com\/wp-content\/uploads\/2024\/12\/Carbon-29ER-All-mountain-wheel-AM29-34-01-800x800.avif 800w, https:\/\/www.icanian.com\/wp-content\/uploads\/2024\/12\/Carbon-29ER-All-mountain-wheel-AM29-34-01.avif 1200w\" data-sizes=\"auto\" data-orig-sizes=\"(max-width: 640px) 100vw, 600px\" \/><\/span><\/div><div class=\"fusion-title title fusion-title-2 fusion-sep-none fusion-title-center fusion-title-text fusion-title-size-five\" style=\"--awb-font-size:18px;\"><h5 class=\"fusion-title-heading title-heading-center\" style=\"margin:0;font-size:1em;\"><span style=\"color: #fc4c02;\">02<\/span>\u00a0 \u00c5TERF\u00d6RS\u00c4LJARE<\/h5><\/div><div style=\"text-align:center;\"><a class=\"fusion-button button-flat button-medium button-custom fusion-button-default button-2 fusion-button-default-span\" style=\"--button_accent_color:var(--awb-color1);--button_accent_hover_color:var(--awb-color1);--button_border_hover_color:var(--awb-color6);--button_gradient_top_color:var(--awb-color5);--button_gradient_bottom_color:var(--awb-color5);--button_gradient_top_color_hover:#000000;--button_gradient_bottom_color_hover:#000000;--button_margin-top:20px;--button_margin-bottom:35px;\" target=\"_blank\" rel=\"noopener noreferrer\" href=\"https:\/\/www.icanian.com\/sv\/partnership\/sponsorship\/\"><span class=\"fusion-button-text awb-button__text awb-button__text--default\">L\u00c4R DIG MER<\/span><i class=\"fa-chevron-circle-right fas awb-button__icon awb-button__icon--default button-icon-right\" aria-hidden=\"true\"><\/i><\/a><\/div><\/div><\/div><div class=\"fusion-layout-column fusion_builder_column fusion-builder-column-2 fusion_builder_column_1_3 1_3 fusion-flex-column\" style=\"--awb-bg-color:#e7e5e3;--awb-bg-color-hover:#e7e5e3;--awb-bg-size:cover;--awb-width-large:33.333333333333%;--awb-margin-top-large:0px;--awb-spacing-right-large:5.76%;--awb-margin-bottom-large:20px;--awb-spacing-left-large:5.76%;--awb-width-medium:33.333333333333%;--awb-order-medium:0;--awb-spacing-right-medium:5.76%;--awb-spacing-left-medium:5.76%;--awb-width-small:100%;--awb-order-small:0;--awb-spacing-right-small:1.92%;--awb-spacing-left-small:1.92%;\" data-scroll-devices=\"small-visibility,medium-visibility,large-visibility\"><div class=\"fusion-column-wrapper fusion-column-has-shadow fusion-flex-justify-content-flex-start fusion-content-layout-column\"><div class=\"fusion-image-element\" style=\"text-align:center;--awb-caption-title-font-family:var(--h2_typography-font-family);--awb-caption-title-font-weight:var(--h2_typography-font-weight);--awb-caption-title-font-style:var(--h2_typography-font-style);--awb-caption-title-size:var(--h2_typography-font-size);--awb-caption-title-transform:var(--h2_typography-text-transform);--awb-caption-title-line-height:var(--h2_typography-line-height);--awb-caption-title-letter-spacing:var(--h2_typography-letter-spacing);\"><span class=\"fusion-imageframe imageframe-none imageframe-3 hover-type-zoomin\"><img decoding=\"async\" width=\"1200\" height=\"1200\" alt=\"Carbon 29ER All mountain wheel AM2934\" title=\"Kolfiber 29ER All mountain-hjul AM29-34-01\" src=\"https:\/\/www.icanian.com\/wp-content\/uploads\/2024\/12\/Carbon-29ER-All-mountain-wheel-AM29-34-01.avif\" data-orig-src=\"https:\/\/www.icanian.com\/wp-content\/uploads\/2024\/12\/Carbon-29ER-All-mountain-wheel-AM29-34-01.avif\" class=\"lazyload img-responsive wp-image-1075\" srcset=\"data:image\/svg+xml,%3Csvg%20xmlns%3D%27http%3A%2F%2Fwww.w3.org%2F2000%2Fsvg%27%20width%3D%271200%27%20height%3D%271200%27%20viewBox%3D%270%200%201200%201200%27%3E%3Crect%20width%3D%271200%27%20height%3D%271200%27%20fill-opacity%3D%220%22%2F%3E%3C%2Fsvg%3E\" data-srcset=\"https:\/\/www.icanian.com\/wp-content\/uploads\/2024\/12\/Carbon-29ER-All-mountain-wheel-AM29-34-01-200x200.avif 200w, https:\/\/www.icanian.com\/wp-content\/uploads\/2024\/12\/Carbon-29ER-All-mountain-wheel-AM29-34-01-400x400.avif 400w, https:\/\/www.icanian.com\/wp-content\/uploads\/2024\/12\/Carbon-29ER-All-mountain-wheel-AM29-34-01-600x600.avif 600w, https:\/\/www.icanian.com\/wp-content\/uploads\/2024\/12\/Carbon-29ER-All-mountain-wheel-AM29-34-01-800x800.avif 800w, https:\/\/www.icanian.com\/wp-content\/uploads\/2024\/12\/Carbon-29ER-All-mountain-wheel-AM29-34-01.avif 1200w\" data-sizes=\"auto\" data-orig-sizes=\"(max-width: 640px) 100vw, 600px\" \/><\/span><\/div><div class=\"fusion-title title fusion-title-3 fusion-sep-none fusion-title-center fusion-title-text fusion-title-size-five\" style=\"--awb-font-size:18px;\"><h5 class=\"fusion-title-heading title-heading-center\" style=\"margin:0;font-size:1em;\"><span style=\"color: #fc4c02;\">03<\/span>\u00a0 CYKLISTER<\/h5><\/div><div style=\"text-align:center;\"><a class=\"fusion-button button-flat button-medium button-custom fusion-button-default button-3 fusion-button-default-span\" style=\"--button_accent_color:var(--awb-color1);--button_accent_hover_color:var(--awb-color1);--button_border_hover_color:var(--awb-color6);--button_gradient_top_color:var(--awb-color5);--button_gradient_bottom_color:var(--awb-color5);--button_gradient_top_color_hover:#000000;--button_gradient_bottom_color_hover:#000000;--button_margin-top:20px;--button_margin-bottom:35px;\" target=\"_blank\" rel=\"noopener noreferrer\" href=\"https:\/\/www.icanian.com\/sv\/partnership\/dealer\/\"><span class=\"fusion-button-text awb-button__text awb-button__text--default\">L\u00c4R DIG MER<\/span><i class=\"fa-chevron-circle-right fas awb-button__icon awb-button__icon--default button-icon-right\" aria-hidden=\"true\"><\/i><\/a><\/div><\/div><\/div><\/div><\/div><div class=\"fusion-fullwidth fullwidth-box fusion-builder-row-2 fusion-flex-container has-pattern-background has-mask-background nonhundred-percent-fullwidth non-hundred-percent-height-scrolling\" style=\"--awb-border-radius-top-left:0px;--awb-border-radius-top-right:0px;--awb-border-radius-bottom-right:0px;--awb-border-radius-bottom-left:0px;--awb-min-height:389px;--awb-background-color:var(--awb-color3);--awb-flex-wrap:wrap;\" ><div class=\"fusion-builder-row fusion-row fusion-flex-align-items-flex-start fusion-flex-align-content-center fusion-flex-content-wrap\" style=\"max-width:1622.4px;margin-left: calc(-4% \/ 2 );margin-right: calc(-4% \/ 2 );\"><div class=\"fusion-layout-column fusion_builder_column fusion-builder-column-3 fusion_builder_column_1_3 1_3 fusion-flex-column\" style=\"--awb-bg-size:cover;--awb-width-large:33.333333333333%;--awb-margin-top-large:0px;--awb-spacing-right-large:5.76%;--awb-margin-bottom-large:20px;--awb-spacing-left-large:5.76%;--awb-width-medium:33.333333333333%;--awb-order-medium:0;--awb-spacing-right-medium:5.76%;--awb-spacing-left-medium:5.76%;--awb-width-small:100%;--awb-order-small:0;--awb-spacing-right-small:1.92%;--awb-spacing-left-small:1.92%;\" data-scroll-devices=\"small-visibility,medium-visibility,large-visibility\"><div class=\"fusion-column-wrapper fusion-column-has-shadow fusion-flex-justify-content-center fusion-content-layout-column\"><div class=\"fusion-title title fusion-title-4 fusion-sep-none fusion-title-text fusion-title-size-one\" style=\"--awb-text-color:var(--awb-color5);--awb-font-size:35px;\"><h1 class=\"fusion-title-heading title-heading-left\" style=\"margin:0;text-transform:uppercase;font-size:1em;\"><h3>SAMARBETE<br \/>\nPARTNERSKAP<\/h3><\/h1><\/div><\/div><\/div><div class=\"fusion-layout-column fusion_builder_column fusion-builder-column-4 fusion_builder_column_2_3 2_3 fusion-flex-column\" style=\"--awb-bg-size:cover;--awb-width-large:66.666666666667%;--awb-margin-top-large:0px;--awb-spacing-right-large:2.88%;--awb-margin-bottom-large:20px;--awb-spacing-left-large:2.88%;--awb-width-medium:66.666666666667%;--awb-order-medium:0;--awb-spacing-right-medium:2.88%;--awb-spacing-left-medium:2.88%;--awb-width-small:100%;--awb-order-small:0;--awb-spacing-right-small:1.92%;--awb-spacing-left-small:1.92%;\" data-scroll-devices=\"small-visibility,medium-visibility,large-visibility\"><div class=\"fusion-column-wrapper fusion-column-has-shadow fusion-flex-justify-content-center fusion-content-layout-column\"><\/div><\/div><\/div><\/div><\/p>","protected":false},"excerpt":{"rendered":"","protected":false},"author":1,"featured_media":0,"parent":0,"menu_order":0,"comment_status":"closed","ping_status":"closed","template":"100-width.php","meta":{"_glsr_average":0,"_glsr_ranking":0,"_glsr_reviews":0,"footnotes":""},"class_list":["post-1324","page","type-page","status-publish","hentry"],"yoast_head":"<!-- This site is optimized with the Yoast SEO plugin v27.4 - https:\/\/yoast.com\/product\/yoast-seo-wordpress\/ -->\n<title>Partnership - ICANIAN<\/title>\n<meta name=\"robots\" content=\"index, follow, max-snippet:-1, max-image-preview:large, max-video-preview:-1\" \/>\n<link rel=\"canonical\" href=\"https:\/\/www.icanian.com\/sv\/partnership\/\" \/>\n<meta property=\"og:locale\" content=\"sv_SE\" \/>\n<meta property=\"og:type\" content=\"article\" \/>\n<meta property=\"og:title\" content=\"Partnership - ICANIAN\" \/>\n<meta property=\"og:url\" content=\"https:\/\/www.icanian.com\/sv\/partnership\/\" \/>\n<meta property=\"og:site_name\" content=\"ICANIAN\" \/>\n<meta property=\"article:modified_time\" content=\"2025-10-30T03:25:13+00:00\" \/>\n<meta name=\"twitter:card\" content=\"summary_large_image\" \/>\n<meta name=\"twitter:label1\" content=\"Ber\u00e4knad l\u00e4stid\" \/>\n\t<meta name=\"twitter:data1\" content=\"1 minut\" \/>\n<script type=\"application\/ld+json\" class=\"yoast-schema-graph\">{\"@context\":\"https:\\\/\\\/schema.org\",\"@graph\":[{\"@type\":\"WebPage\",\"@id\":\"https:\\\/\\\/www.icanian.com\\\/partnership\\\/\",\"url\":\"https:\\\/\\\/www.icanian.com\\\/partnership\\\/\",\"name\":\"Partnership - ICANIAN\",\"isPartOf\":{\"@id\":\"https:\\\/\\\/www.icanian.com\\\/#website\"},\"datePublished\":\"2025-05-17T04:30:37+00:00\",\"dateModified\":\"2025-10-30T03:25:13+00:00\",\"breadcrumb\":{\"@id\":\"https:\\\/\\\/www.icanian.com\\\/partnership\\\/#breadcrumb\"},\"inLanguage\":\"sv-SE\",\"potentialAction\":[{\"@type\":\"ReadAction\",\"target\":[\"https:\\\/\\\/www.icanian.com\\\/partnership\\\/\"]}]},{\"@type\":\"BreadcrumbList\",\"@id\":\"https:\\\/\\\/www.icanian.com\\\/partnership\\\/#breadcrumb\",\"itemListElement\":[{\"@type\":\"ListItem\",\"position\":1,\"name\":\"Home\",\"item\":\"https:\\\/\\\/www.icanian.com\\\/\"},{\"@type\":\"ListItem\",\"position\":2,\"name\":\"Partnership\"}]},{\"@type\":\"WebSite\",\"@id\":\"https:\\\/\\\/www.icanian.com\\\/#website\",\"url\":\"https:\\\/\\\/www.icanian.com\\\/\",\"name\":\"ICANIAN\",\"description\":\"\",\"potentialAction\":[{\"@type\":\"SearchAction\",\"target\":{\"@type\":\"EntryPoint\",\"urlTemplate\":\"https:\\\/\\\/www.icanian.com\\\/?s={search_term_string}\"},\"query-input\":{\"@type\":\"PropertyValueSpecification\",\"valueRequired\":true,\"valueName\":\"search_term_string\"}}],\"inLanguage\":\"sv-SE\"}]}<\/script>\n<!-- \/ Yoast SEO plugin. -->","yoast_head_json":{"title":"Partnerskap - ICANIAN","robots":{"index":"index","follow":"follow","max-snippet":"max-snippet:-1","max-image-preview":"max-image-preview:large","max-video-preview":"max-video-preview:-1"},"canonical":"https:\/\/www.icanian.com\/sv\/partnership\/","og_locale":"sv_SE","og_type":"article","og_title":"Partnership - ICANIAN","og_url":"https:\/\/www.icanian.com\/sv\/partnership\/","og_site_name":"ICANIAN","article_modified_time":"2025-10-30T03:25:13+00:00","twitter_card":"summary_large_image","twitter_misc":{"Ber\u00e4knad l\u00e4stid":"1 minut"},"schema":{"@context":"https:\/\/schema.org","@graph":[{"@type":"WebPage","@id":"https:\/\/www.icanian.com\/partnership\/","url":"https:\/\/www.icanian.com\/partnership\/","name":"Partnerskap - ICANIAN","isPartOf":{"@id":"https:\/\/www.icanian.com\/#website"},"datePublished":"2025-05-17T04:30:37+00:00","dateModified":"2025-10-30T03:25:13+00:00","breadcrumb":{"@id":"https:\/\/www.icanian.com\/partnership\/#breadcrumb"},"inLanguage":"sv-SE","potentialAction":[{"@type":"ReadAction","target":["https:\/\/www.icanian.com\/partnership\/"]}]},{"@type":"BreadcrumbList","@id":"https:\/\/www.icanian.com\/partnership\/#breadcrumb","itemListElement":[{"@type":"ListItem","position":1,"name":"Home","item":"https:\/\/www.icanian.com\/"},{"@type":"ListItem","position":2,"name":"Partnership"}]},{"@type":"WebSite","@id":"https:\/\/www.icanian.com\/#website","url":"https:\/\/www.icanian.com\/","name":"ICANIAN","description":"","potentialAction":[{"@type":"SearchAction","target":{"@type":"EntryPoint","urlTemplate":"https:\/\/www.icanian.com\/?s={search_term_string}"},"query-input":{"@type":"PropertyValueSpecification","valueRequired":true,"valueName":"search_term_string"}}],"inLanguage":"sv-SE"}]}},"_links":{"self":[{"href":"https:\/\/www.icanian.com\/sv\/wp-json\/wp\/v2\/pages\/1324","targetHints":{"allow":["GET"]}}],"collection":[{"href":"https:\/\/www.icanian.com\/sv\/wp-json\/wp\/v2\/pages"}],"about":[{"href":"https:\/\/www.icanian.com\/sv\/wp-json\/wp\/v2\/types\/page"}],"author":[{"embeddable":true,"href":"https:\/\/www.icanian.com\/sv\/wp-json\/wp\/v2\/users\/1"}],"replies":[{"embeddable":true,"href":"https:\/\/www.icanian.com\/sv\/wp-json\/wp\/v2\/comments?post=1324"}],"version-history":[{"count":1,"href":"https:\/\/www.icanian.com\/sv\/wp-json\/wp\/v2\/pages\/1324\/revisions"}],"predecessor-version":[{"id":2473,"href":"https:\/\/www.icanian.com\/sv\/wp-json\/wp\/v2\/pages\/1324\/revisions\/2473"}],"wp:attachment":[{"href":"https:\/\/www.icanian.com\/sv\/wp-json\/wp\/v2\/media?parent=1324"}],"curies":[{"name":"wp","href":"https:\/\/api.w.org\/{rel}","templated":true}]}}